{"id":2536,"date":"2012-06-27T14:07:06","date_gmt":"2012-06-27T12:07:06","guid":{"rendered":"http:\/\/www.thielska-galleriet.se\/?page_id=2536"},"modified":"2026-03-30T15:01:52","modified_gmt":"2026-03-30T13:01:52","slug":"contact","status":"publish","type":"page","link":"https:\/\/www.thielskagalleriet.se\/en\/contact\/","title":{"rendered":"Contact"},"content":{"rendered":"\n<p><meta charset=\"utf-8\">+46-(0)8-662 58 84<br><a href=\"mailto:info@thielskagalleriet.se\" target=\"_blank\" rel=\"noopener noreferrer\">info@thielskagalleriet.se<\/a><\/p>\n\n\n\n<p><strong>Bookings<br><\/strong><meta charset=\"utf-8\"><\/meta>+46-(0)8-662 29 66 (available Tuesday, Wednesday and Friday 10 am\u20134 pm)<br><a href=\"mailto:adam.korpskog@thielskagalleriet.se\"><\/a><a href=\"mailto:emina.pacavar@thielskagalleriet.se\">emina.pacavar@thielskagalleriet.se<\/a><\/p>\n\n\n\n<p><strong>Press<br><\/strong><meta charset=\"utf-8\">+46-(0)8-662 16 79<br><a href=\"mailto:sophie.allgardh@thielskagalleriet.se\">sophie.allgardh@thielskagalleriet.se<\/a><strong><br><\/strong><\/p>\n\n\n\n<p><strong>Museum shop och Webshop<\/strong><br>+46-(0)8-662 38 39<br><a href=\"mailto:cecilia.rainer@thielskagalleriet.se\">cecilia.rainer@thielskagalleriet.se<\/a><\/p>\n\n\n\n<p><strong>Visitor address<\/strong><br>Thielska Galleriet<br>Sj\u00f6tullsbacken 8<br>Kungliga Djurg\u00e5rden, Stockholm<\/p>\n\n\n\n<p><strong>Postal address<br><\/strong>Thielska Galleriet<br>Sj\u00f6tullsbacken 6-8<br>115 25 Stockholm<\/p>\n\n\n\n<hr class=\"wp-block-separator has-alpha-channel-opacity\"\/>\n\n\n\n<p><strong>Invoice address<br><\/strong>Stiftelsen Thielska Galleriet<br>Sj\u00f6tullsbacken 6-8<br>115 25 Stockholm<\/p>\n\n\n\n<p><strong>Digital invoice (for invoices in PDF-format)<\/strong><br><a href=\"mailto:inbox.lev.852851@arkivplats.se\">inbox.lev.852851@arkivplats.se<\/a><\/p>\n\n\n\n<p><strong>Organisation number<\/strong><br>\u200d802005-9245<\/p>\n\n\n\n<hr class=\"wp-block-separator has-css-opacity\"\/>\n\n\n\n<h3 class=\"wp-block-heading\" id=\"image-supply\">Staff<\/h3>\n\n\n\n<p>\u00c5sa Cavalli-Bj\u00f6rkman<br>Director<br><meta charset=\"utf-8\">+46-8-662 06 20<br><a href=\"mailto:asa.cavalli-bjorkman@thielskagalleriet.se\">asa.cavalli-bjorkman@thielskagalleriet.se<\/a><\/p>\n\n\n\n<p>Sophie Allg\u00e5rdh<br>Curator<br>Press<em> <\/em>| Events | Conference<br>+46-708 45 60 87 (mobile)<br>+46-(0)8-662 16 79<br><a href=\"mailto:sophie.allgardh@thielskagalleriet.se\">sophie.allgardh@thielskagalleriet.se<\/a><\/p>\n\n\n\n<p>Andreas Bertman<br>Exhibition coordinator<br><meta charset=\"utf-8\"><\/meta>+46-8-662 15 54<br><a href=\"mailto:andreas.bertman@thielskagalleriet.se\">andreas.bertman@thielskagalleriet.se<\/a><\/p>\n\n\n\n<p>Adam Korpskog<br>Curator<br>+46-(0)8-662 16 10<br><a href=\"mailto:adam.korpskog@thielskagalleriet.se\">adam.korpskog@thielskagalleriet.se<\/a><\/p>\n\n\n\n<p>Emina Pacavar<br>Museum Assistant<br>Booking | Hosts <br>+46-(0)8-662 29 66<br><a href=\"mailto:emina.pacavar@thielskagalleriet.se\">emina.pacavar@thielskagalleriet.se<\/a><\/p>\n\n\n\n<p>Cecilia Rainer<br>Digital communicator<br>Administration | Communications | Museum shop<br><meta charset=\"utf-8\">+46-(0)8-662 38 39<br><a href=\"mailto:cecilia.rainer@thielskagalleriet.se\">cecilia.rainer@thielskagalleriet.se<\/a><\/p>\n\n\n\n<p>Samuel Smith<br>Coordinator<br>Property |&nbsp;Security<br><meta charset=\"utf-8\">+46-(0)8-662 29 15<br>Email: <a href=\"mailto:samuel.smith@thielskagalleriet.se\">samuel.smith@thielskagalleriet.se<\/a><\/p>\n\n\n\n<p><\/p>\n\n\n\n<p><strong>Museum hosts<\/strong><br><br>Amanda Hansell<br>Museum host<br>08-662 58 84<br><a href=\"mailto:amanda.hansell@thielskagalleriet.se\">amanda.hansell@thielskagalleriet.se<\/a><br><br>Katja Kazantseva<br>Museum host<br>08-662 58 84<br><a href=\"mailto:katja.kazantseva@thielskagalleriet.se\">katja.kazantseva@thielskagalleriet.se<\/a><br><br>Anton Lind<br>Museum host<br>08-662 58 84<br><a href=\"mailto:anton.lind@thielskagalleriet.se\">anton.lind@thielskagalleriet.se<\/a><br><br>Anna Ottosson <br>Museum host<br>08-662 58 84<br><a href=\"mailto:anna.ottosson@thielskagalleriet.se\">anna.ottosson@thielskagalleriet.se<\/a><\/p>\n\n\n\n<p>Tindra Frelin<br>Museum host<br>08-662 58 84<br><a href=\"mailto:tindra.frelin@thielskagalleriet.se\">tindra.frelin@thielskagalleriet.se&nbsp;<\/a><\/p>\n\n\n\n<p>Jenny Zackrisson Andersson<br>Museum host<br>08-662 58 84<br><a href=\"mailto:jenny.zackrissonandersson@thielskagalleriet.se\">jenny.zackrissonandersson@thielskagalleriet.se<\/a>&nbsp;<\/p>\n\n\n\n<p><strong>Guides<br><\/strong>Maria Ahls\u00e9n, Cecilia Gottfridsson, Liselott K\u00e5ghedotter, Tove Lagerqvist<\/p>\n\n\n\n<hr class=\"wp-block-separator has-css-opacity\"\/>\n\n\n\n<h4 class=\"wp-block-heading\" id=\"board\">The Board<\/h4>\n\n\n\n<p>Mats Lindberg, Chair<br>Gunilla Asker, Member<br>Maria Dembrower Fryd\u00e9n, Member<br>Daniel Str\u00f6m, Member<br>Sara Tauberman, Member<br>\u00d6rjan Wikforss, Member<\/p>\n\n\n\n<p><a href=\"https:\/\/www.thielskagalleriet.se\/en\/the-foundation\/\">Read more<\/a><\/p>\n\n\n\n<hr class=\"wp-block-separator has-css-opacity\"\/>\n\n\n\n<h4 class=\"wp-block-heading\" id=\"the-friends-of-the-thiel-gallery\">The Friends of the Thiel Gallery<\/h4>\n\n\n\n<p>The Friends of the Thiel Gallery was founded in 1978 with the aim of supporting the Thiel Gallery and as a member you make an important contribution to the museum.<br><a href=\"mailto:vanforening@thielskagalleriet.se\">vanforening@thielskagalleriet.se<\/a><\/p>\n","protected":false},"excerpt":{"rendered":"<p>+46-(0)8-662 58 84info@thielskagalleriet.se Bookings+46-(0)8-662 29 66 (available Tuesday, Wednesday and Friday 10 am\u20134 pm)emina.pacavar@thielskagalleriet.se Press+46-(0)8-662 16 79sophie.allgardh@thielskagalleriet.se Museum shop och Webshop+46-(0)8-662 38 39cecilia.rainer@thielskagalleriet.se Visitor addressThielska GallerietSj\u00f6tullsbacken 8Kungliga Djurg\u00e5rden, Stockholm Postal addressThielska GallerietSj\u00f6tullsbacken 6-8115 25 Stockholm Invoice addressStiftelsen Thielska GallerietSj\u00f6tullsbacken 6-8115 25 Stockholm&hellip;<\/p>\n","protected":false},"author":1,"featured_media":0,"parent":0,"menu_order":0,"comment_status":"closed","ping_status":"closed","template":"","meta":{"_acf_changed":false,"_monsterinsights_skip_tracking":false,"_monsterinsights_sitenote_active":false,"_monsterinsights_sitenote_note":"","_monsterinsights_sitenote_category":0,"footnotes":"","_links_to":"","_links_to_target":""},"class_list":["post-2536","page","type-page","status-publish","hentry"],"acf":[],"yoast_head":"<!-- This site is optimized with the Yoast SEO plugin v27.4 - https:\/\/yoast.com\/product\/yoast-seo-wordpress\/ -->\n<title>Contact - The Thiel Gallery<\/title>\n<meta name=\"robots\" content=\"index, follow, max-snippet:-1, max-image-preview:large, max-video-preview:-1\" \/>\n<link rel=\"canonical\" href=\"https:\/\/www.thielskagalleriet.se\/en\/contact\/\" \/>\n<meta property=\"og:locale\" content=\"en_US\" \/>\n<meta property=\"og:type\" content=\"article\" \/>\n<meta property=\"og:title\" content=\"Contact - The Thiel Gallery\" \/>\n<meta property=\"og:description\" content=\"+46-(0)8-662 58 84info@thielskagalleriet.se Bookings+46-(0)8-662 29 66 (available Tuesday, Wednesday and Friday 10 am\u20134 pm)emina.pacavar@thielskagalleriet.se Press+46-(0)8-662 16 79sophie.allgardh@thielskagalleriet.se Museum shop och Webshop+46-(0)8-662 38 39cecilia.rainer@thielskagalleriet.se Visitor addressThielska GallerietSj\u00f6tullsbacken 8Kungliga Djurg\u00e5rden, Stockholm Postal addressThielska GallerietSj\u00f6tullsbacken 6-8115 25 Stockholm Invoice addressStiftelsen Thielska GallerietSj\u00f6tullsbacken 6-8115 25 Stockholm&hellip;\" \/>\n<meta property=\"og:url\" content=\"https:\/\/www.thielskagalleriet.se\/en\/contact\/\" \/>\n<meta property=\"og:site_name\" content=\"The Thiel Gallery\" \/>\n<meta property=\"article:modified_time\" content=\"2026-03-30T13:01:52+00:00\" \/>\n<meta property=\"og:image\" content=\"https:\/\/www.thielskagalleriet.se\/wp-content\/uploads\/2013\/10\/Thielska_Galleriet.jpg\" \/>\n\t<meta property=\"og:image:width\" content=\"4409\" \/>\n\t<meta property=\"og:image:height\" content=\"2480\" \/>\n\t<meta property=\"og:image:type\" content=\"image\/jpeg\" \/>\n<meta name=\"twitter:label1\" content=\"Est. reading time\" \/>\n\t<meta name=\"twitter:data1\" content=\"2 minutes\" \/>\n<!-- \/ Yoast SEO plugin. -->","yoast_head_json":{"title":"Contact - The Thiel Gallery","robots":{"index":"index","follow":"follow","max-snippet":"max-snippet:-1","max-image-preview":"max-image-preview:large","max-video-preview":"max-video-preview:-1"},"canonical":"https:\/\/www.thielskagalleriet.se\/en\/contact\/","og_locale":"en_US","og_type":"article","og_title":"Contact - The Thiel Gallery","og_description":"+46-(0)8-662 58 84info@thielskagalleriet.se Bookings+46-(0)8-662 29 66 (available Tuesday, Wednesday and Friday 10 am\u20134 pm)emina.pacavar@thielskagalleriet.se Press+46-(0)8-662 16 79sophie.allgardh@thielskagalleriet.se Museum shop och Webshop+46-(0)8-662 38 39cecilia.rainer@thielskagalleriet.se Visitor addressThielska GallerietSj\u00f6tullsbacken 8Kungliga Djurg\u00e5rden, Stockholm Postal addressThielska GallerietSj\u00f6tullsbacken 6-8115 25 Stockholm Invoice addressStiftelsen Thielska GallerietSj\u00f6tullsbacken 6-8115 25 Stockholm&hellip;","og_url":"https:\/\/www.thielskagalleriet.se\/en\/contact\/","og_site_name":"The Thiel Gallery","article_modified_time":"2026-03-30T13:01:52+00:00","og_image":[{"width":4409,"height":2480,"url":"https:\/\/www.thielskagalleriet.se\/wp-content\/uploads\/2013\/10\/Thielska_Galleriet.jpg","type":"image\/jpeg"}],"twitter_misc":{"Est. reading time":"2 minutes"},"schema":{"@context":"https:\/\/schema.org","@graph":[{"@type":"WebPage","@id":"https:\/\/www.thielskagalleriet.se\/en\/contact\/","url":"https:\/\/www.thielskagalleriet.se\/en\/contact\/","name":"Contact - The Thiel Gallery","isPartOf":{"@id":"https:\/\/www.thielskagalleriet.se\/en\/#website"},"datePublished":"2012-06-27T12:07:06+00:00","dateModified":"2026-03-30T13:01:52+00:00","breadcrumb":{"@id":"https:\/\/www.thielskagalleriet.se\/en\/contact\/#breadcrumb"},"inLanguage":"en-US","potentialAction":[{"@type":"ReadAction","target":["https:\/\/www.thielskagalleriet.se\/en\/contact\/"]}]},{"@type":"BreadcrumbList","@id":"https:\/\/www.thielskagalleriet.se\/en\/contact\/#breadcrumb","itemListElement":[{"@type":"ListItem","position":1,"name":"Hem","item":"https:\/\/www.thielskagalleriet.se\/en\/"},{"@type":"ListItem","position":2,"name":"Contact"}]},{"@type":"WebSite","@id":"https:\/\/www.thielskagalleriet.se\/en\/#website","url":"https:\/\/www.thielskagalleriet.se\/en\/","name":"The Thiel Gallery","description":"","potentialAction":[{"@type":"SearchAction","target":{"@type":"EntryPoint","urlTemplate":"https:\/\/www.thielskagalleriet.se\/en\/?s={search_term_string}"},"query-input":{"@type":"PropertyValueSpecification","valueRequired":true,"valueName":"search_term_string"}}],"inLanguage":"en-US"}]}},"_links":{"self":[{"href":"https:\/\/www.thielskagalleriet.se\/en\/wp-json\/wp\/v2\/pages\/2536","targetHints":{"allow":["GET"]}}],"collection":[{"href":"https:\/\/www.thielskagalleriet.se\/en\/wp-json\/wp\/v2\/pages"}],"about":[{"href":"https:\/\/www.thielskagalleriet.se\/en\/wp-json\/wp\/v2\/types\/page"}],"author":[{"embeddable":true,"href":"https:\/\/www.thielskagalleriet.se\/en\/wp-json\/wp\/v2\/users\/1"}],"replies":[{"embeddable":true,"href":"https:\/\/www.thielskagalleriet.se\/en\/wp-json\/wp\/v2\/comments?post=2536"}],"version-history":[{"count":172,"href":"https:\/\/www.thielskagalleriet.se\/en\/wp-json\/wp\/v2\/pages\/2536\/revisions"}],"predecessor-version":[{"id":25898,"href":"https:\/\/www.thielskagalleriet.se\/en\/wp-json\/wp\/v2\/pages\/2536\/revisions\/25898"}],"wp:attachment":[{"href":"https:\/\/www.thielskagalleriet.se\/en\/wp-json\/wp\/v2\/media?parent=2536"}],"curies":[{"name":"wp","href":"https:\/\/api.w.org\/{rel}","templated":true}]}}