{"id":2513,"date":"2012-06-27T13:36:26","date_gmt":"2012-06-27T11:36:26","guid":{"rendered":"http:\/\/www.thielska-galleriet.se\/?page_id=2513"},"modified":"2026-05-05T11:57:57","modified_gmt":"2026-05-05T09:57:57","slug":"cafe","status":"publish","type":"page","link":"https:\/\/www.thielskagalleriet.se\/en\/cafe\/","title":{"rendered":"Caf\u00e9"},"content":{"rendered":"\n<figure class=\"wp-block-image size-full\"><img decoding=\"async\" src=\"https:\/\/www.thielskagalleriet.se\/wp-content\/uploads\/2026\/04\/skarmavbild-2026-04-17-kl--15-38-12.png\" alt=\"\" class=\"wp-image-26108\"\/><\/figure>\n\n\n\n<p>The caf\u00e9 Augusta p\u00e5 Thielska offers light lunch options such as soup and salad, sandwiches, and homemade pastries.<\/p>\n\n\n\n<p>Outdoor seating is available in the sculpture park during the summer season.<\/p>\n\n\n\n<p><a href=\"https:\/\/www.thielskagalleriet.se\/wp-content\/uploads\/2026\/05\/menu.pdf\">Menu 2026<\/a><\/p>\n\n\n\n<p>The caf\u00e9 has the same <a href=\"https:\/\/www.thielskagalleriet.se\/en\/visit-us\/opening-hours-admission\/\">opening hours as the museum.<\/a><\/p>\n\n\n\n<p><strong>Contact<\/strong><br>augusta@gyllenstierna.se<br>+46(0)70-636 33 88<br>instagram.com\/augusta_pa_stallet\/<br><\/p>\n\n\n\n<figure class=\"wp-block-gallery has-nested-images columns-default is-cropped wp-block-gallery-1 is-layout-flex wp-block-gallery-is-layout-flex\">\n<figure class=\"wp-block-image size-large\"><img decoding=\"async\" data-id=\"26105\" src=\"https:\/\/www.thielskagalleriet.se\/wp-content\/uploads\/2026\/04\/skarmavbild-2026-04-17-kl--14-32-16.png\" alt=\"\" class=\"wp-image-26105\"\/><\/figure>\n\n\n\n<figure class=\"wp-block-image size-large\"><img decoding=\"async\" data-id=\"26104\" src=\"https:\/\/www.thielskagalleriet.se\/wp-content\/uploads\/2026\/04\/skarmavbild-2026-04-17-kl--14-27-44.png\" alt=\"\" class=\"wp-image-26104\"\/><\/figure>\n\n\n\n<figure class=\"wp-block-image size-large\"><img decoding=\"async\" data-id=\"26107\" src=\"https:\/\/www.thielskagalleriet.se\/wp-content\/uploads\/2026\/04\/skarmavbild-2026-04-17-kl--14-33-15.png\" alt=\"\" class=\"wp-image-26107\"\/><\/figure>\n<\/figure>\n\n\n\n<p><br><strong>About the caf\u00e9<\/strong><\/p>\n\n\n\n<p>Augusta at Thielska is privately run by Hanna Gyllenstierna och Christoffer Karlberg, who are partners and have two children. They previously run Augusta p\u00e5 Stallet and Augusta Catering. Hanna trained at Grythyttan and has worked most of her life in the restaurant industry, while Christoffer has previously worked as a food purchaser.<\/p>\n","protected":false},"excerpt":{"rendered":"<p>The caf\u00e9 Augusta p\u00e5 Thielska offers light lunch options such as soup and salad, sandwiches, and homemade pastries. Outdoor seating is available in the sculpture park during the summer season. Menu 2026 The caf\u00e9 has the same opening hours as the museum.&hellip;<\/p>\n","protected":false},"author":1,"featured_media":0,"parent":0,"menu_order":0,"comment_status":"closed","ping_status":"closed","template":"page-blank.php","meta":{"_acf_changed":false,"_monsterinsights_skip_tracking":false,"_monsterinsights_sitenote_active":false,"_monsterinsights_sitenote_note":"","_monsterinsights_sitenote_category":0,"footnotes":"","_links_to":"","_links_to_target":""},"class_list":["post-2513","page","type-page","status-publish","hentry"],"acf":[],"yoast_head":"<!-- This site is optimized with the Yoast SEO plugin v27.5 - https:\/\/yoast.com\/product\/yoast-seo-wordpress\/ -->\n<title>Caf\u00e9 - The Thiel Gallery<\/title>\n<meta name=\"robots\" content=\"index, follow, max-snippet:-1, max-image-preview:large, max-video-preview:-1\" \/>\n<link rel=\"canonical\" href=\"https:\/\/www.thielskagalleriet.se\/en\/cafe\/\" \/>\n<meta property=\"og:locale\" content=\"en_US\" \/>\n<meta property=\"og:type\" content=\"article\" \/>\n<meta property=\"og:title\" content=\"Caf\u00e9 - The Thiel Gallery\" \/>\n<meta property=\"og:description\" content=\"The caf\u00e9 Augusta p\u00e5 Thielska offers light lunch options such as soup and salad, sandwiches, and homemade pastries. Outdoor seating is available in the sculpture park during the summer season. Menu 2026 The caf\u00e9 has the same opening hours as the museum.&hellip;\" \/>\n<meta property=\"og:url\" content=\"https:\/\/www.thielskagalleriet.se\/en\/cafe\/\" \/>\n<meta property=\"og:site_name\" content=\"The Thiel Gallery\" \/>\n<meta property=\"article:modified_time\" content=\"2026-05-05T09:57:57+00:00\" \/>\n<meta property=\"og:image\" content=\"https:\/\/www.thielskagalleriet.se\/wp-content\/uploads\/2013\/10\/Thielska_Galleriet.jpg\" \/>\n\t<meta property=\"og:image:width\" content=\"4409\" \/>\n\t<meta property=\"og:image:height\" content=\"2480\" \/>\n\t<meta property=\"og:image:type\" content=\"image\/jpeg\" \/>\n<meta name=\"twitter:label1\" content=\"Est. reading time\" \/>\n\t<meta name=\"twitter:data1\" content=\"2 minutes\" \/>\n<!-- \/ Yoast SEO plugin. -->","yoast_head_json":{"title":"Caf\u00e9 - The Thiel Gallery","robots":{"index":"index","follow":"follow","max-snippet":"max-snippet:-1","max-image-preview":"max-image-preview:large","max-video-preview":"max-video-preview:-1"},"canonical":"https:\/\/www.thielskagalleriet.se\/en\/cafe\/","og_locale":"en_US","og_type":"article","og_title":"Caf\u00e9 - The Thiel Gallery","og_description":"The caf\u00e9 Augusta p\u00e5 Thielska offers light lunch options such as soup and salad, sandwiches, and homemade pastries. Outdoor seating is available in the sculpture park during the summer season. Menu 2026 The caf\u00e9 has the same opening hours as the museum.&hellip;","og_url":"https:\/\/www.thielskagalleriet.se\/en\/cafe\/","og_site_name":"The Thiel Gallery","article_modified_time":"2026-05-05T09:57:57+00:00","og_image":[{"width":4409,"height":2480,"url":"https:\/\/www.thielskagalleriet.se\/wp-content\/uploads\/2013\/10\/Thielska_Galleriet.jpg","type":"image\/jpeg"}],"twitter_misc":{"Est. reading time":"2 minutes"},"schema":{"@context":"https:\/\/schema.org","@graph":[{"@type":"WebPage","@id":"https:\/\/www.thielskagalleriet.se\/en\/cafe\/","url":"https:\/\/www.thielskagalleriet.se\/en\/cafe\/","name":"Caf\u00e9 - The Thiel Gallery","isPartOf":{"@id":"https:\/\/www.thielskagalleriet.se\/en\/#website"},"primaryImageOfPage":{"@id":"https:\/\/www.thielskagalleriet.se\/en\/cafe\/#primaryimage"},"image":{"@id":"https:\/\/www.thielskagalleriet.se\/en\/cafe\/#primaryimage"},"thumbnailUrl":"https:\/\/www.thielskagalleriet.se\/wp-content\/uploads\/2026\/04\/skarmavbild-2026-04-17-kl--15-38-12.png","datePublished":"2012-06-27T11:36:26+00:00","dateModified":"2026-05-05T09:57:57+00:00","breadcrumb":{"@id":"https:\/\/www.thielskagalleriet.se\/en\/cafe\/#breadcrumb"},"inLanguage":"en-US","potentialAction":[{"@type":"ReadAction","target":["https:\/\/www.thielskagalleriet.se\/en\/cafe\/"]}]},{"@type":"ImageObject","inLanguage":"en-US","@id":"https:\/\/www.thielskagalleriet.se\/en\/cafe\/#primaryimage","url":"https:\/\/www.thielskagalleriet.se\/wp-content\/uploads\/2026\/04\/skarmavbild-2026-04-17-kl--15-38-12.png","contentUrl":"https:\/\/www.thielskagalleriet.se\/wp-content\/uploads\/2026\/04\/skarmavbild-2026-04-17-kl--15-38-12.png"},{"@type":"BreadcrumbList","@id":"https:\/\/www.thielskagalleriet.se\/en\/cafe\/#breadcrumb","itemListElement":[{"@type":"ListItem","position":1,"name":"Hem","item":"https:\/\/www.thielskagalleriet.se\/en\/"},{"@type":"ListItem","position":2,"name":"Caf\u00e9"}]},{"@type":"WebSite","@id":"https:\/\/www.thielskagalleriet.se\/en\/#website","url":"https:\/\/www.thielskagalleriet.se\/en\/","name":"The Thiel Gallery","description":"","potentialAction":[{"@type":"SearchAction","target":{"@type":"EntryPoint","urlTemplate":"https:\/\/www.thielskagalleriet.se\/en\/?s={search_term_string}"},"query-input":{"@type":"PropertyValueSpecification","valueRequired":true,"valueName":"search_term_string"}}],"inLanguage":"en-US"}]}},"_links":{"self":[{"href":"https:\/\/www.thielskagalleriet.se\/en\/wp-json\/wp\/v2\/pages\/2513","targetHints":{"allow":["GET"]}}],"collection":[{"href":"https:\/\/www.thielskagalleriet.se\/en\/wp-json\/wp\/v2\/pages"}],"about":[{"href":"https:\/\/www.thielskagalleriet.se\/en\/wp-json\/wp\/v2\/types\/page"}],"author":[{"embeddable":true,"href":"https:\/\/www.thielskagalleriet.se\/en\/wp-json\/wp\/v2\/users\/1"}],"replies":[{"embeddable":true,"href":"https:\/\/www.thielskagalleriet.se\/en\/wp-json\/wp\/v2\/comments?post=2513"}],"version-history":[{"count":88,"href":"https:\/\/www.thielskagalleriet.se\/en\/wp-json\/wp\/v2\/pages\/2513\/revisions"}],"predecessor-version":[{"id":26187,"href":"https:\/\/www.thielskagalleriet.se\/en\/wp-json\/wp\/v2\/pages\/2513\/revisions\/26187"}],"wp:attachment":[{"href":"https:\/\/www.thielskagalleriet.se\/en\/wp-json\/wp\/v2\/media?parent=2513"}],"curies":[{"name":"wp","href":"https:\/\/api.w.org\/{rel}","templated":true}]}}