{"id":2487,"date":"2012-06-27T09:46:39","date_gmt":"2012-06-27T07:46:39","guid":{"rendered":"http:\/\/www.thielska-galleriet.se\/?page_id=2487"},"modified":"2025-10-20T10:32:21","modified_gmt":"2025-10-20T08:32:21","slug":"getting-to-thiel-gallery","status":"publish","type":"page","link":"https:\/\/www.thielskagalleriet.se\/en\/visit-us\/getting-to-thiel-gallery\/","title":{"rendered":"Getting to the Thiel Gallery"},"content":{"rendered":"\n<div class=\"wp-block-group alignwide\"><div class=\"wp-block-group__inner-container is-layout-constrained wp-block-group-is-layout-constrained\"><div id=\"thielskamap\"><\/div>\n<\/div><\/div>\n\n\n\n<p><\/p>\n\n\n\n<h3 class=\"wp-block-heading\">By Bus No. 67<\/h3>\n\n\n\n<p>Bus 67 towards Blockhusudden runs several times per hour to the Thiel Gallery starting from Odenplan.<\/p>\n\n\n\n<p><a href=\"https:\/\/sl.se\/en\/in-english\" target=\"_blank\" rel=\"noreferrer noopener\">Click here\u00a0to search for the next departure to the museum.<\/a><\/p>\n\n\n\n<h3 class=\"wp-block-heading\">By Boat<\/h3>\n\n\n\n<p>Boat 80 stops at Blockhusudden, a very short walk from the Thiel Gallery.<\/p>\n\n\n\n<p><a href=\"https:\/\/sl.se\/en\/in-english\" target=\"_blank\" rel=\"noreferrer noopener\">Click here\u00a0to search for the next departure to Blockhusudden.<\/a><\/p>\n\n\n\n<h3 class=\"wp-block-heading\">By Car<\/h3>\n\n\n\n<p>Drive along Strandv\u00e4gen, keeping to the right at Berwaldhallen, then through Diplomatstaden and past the museum park to Kakn\u00e4stornet. Continue over the bridge as far as Manilla and then turn left. Follow Djurg\u00e5rdsv\u00e4gen and pass Sj\u00f6tullsbacken, the Gallery\u2019s official address. There is a car park to the left. Leave your car in the car park and take a short walk up the hill to the palatial white building on the hill.<\/p>\n\n\n\n<p>Thielska Galleriet<br>Sj\u00f6tullsbacken 8<br>115 25 Stockholm<\/p>\n\n\n\n<p><strong>Telephone<\/strong>: +46 (0)8 662 58 84<br><strong>E-mail<\/strong>: <a href=\"mailto:info@thielska-galleriet.se\">info@thielskagalleriet.se<\/a><\/p>\n","protected":false},"excerpt":{"rendered":"<p>By Bus No. 67 Bus 67 towards Blockhusudden runs several times per hour to the Thiel Gallery starting from Odenplan. Click here\u00a0to search for the next departure to the museum. By Boat Boat 80 stops at Blockhusudden, a very short walk from&hellip;<\/p>\n","protected":false},"author":1,"featured_media":0,"parent":18158,"menu_order":0,"comment_status":"closed","ping_status":"closed","template":"","meta":{"_acf_changed":false,"_monsterinsights_skip_tracking":false,"_monsterinsights_sitenote_active":false,"_monsterinsights_sitenote_note":"","_monsterinsights_sitenote_category":0,"footnotes":"","_links_to":"","_links_to_target":""},"class_list":["post-2487","page","type-page","status-publish","hentry"],"acf":[],"yoast_head":"<!-- This site is optimized with the Yoast SEO plugin v27.4 - https:\/\/yoast.com\/product\/yoast-seo-wordpress\/ -->\n<title>Getting to the Thiel Gallery - The Thiel Gallery<\/title>\n<meta name=\"robots\" content=\"index, follow, max-snippet:-1, max-image-preview:large, max-video-preview:-1\" \/>\n<link rel=\"canonical\" href=\"https:\/\/www.thielskagalleriet.se\/en\/visit-us\/getting-to-thiel-gallery\/\" \/>\n<meta property=\"og:locale\" content=\"en_US\" \/>\n<meta property=\"og:type\" content=\"article\" \/>\n<meta property=\"og:title\" content=\"Getting to the Thiel Gallery - The Thiel Gallery\" \/>\n<meta property=\"og:description\" content=\"By Bus No. 67 Bus 67 towards Blockhusudden runs several times per hour to the Thiel Gallery starting from Odenplan. Click here\u00a0to search for the next departure to the museum. By Boat Boat 80 stops at Blockhusudden, a very short walk from&hellip;\" \/>\n<meta property=\"og:url\" content=\"https:\/\/www.thielskagalleriet.se\/en\/visit-us\/getting-to-thiel-gallery\/\" \/>\n<meta property=\"og:site_name\" content=\"The Thiel Gallery\" \/>\n<meta property=\"article:modified_time\" content=\"2025-10-20T08:32:21+00:00\" \/>\n<meta property=\"og:image\" content=\"https:\/\/www.thielskagalleriet.se\/wp-content\/uploads\/2013\/10\/Thielska_Galleriet.jpg\" \/>\n\t<meta property=\"og:image:width\" content=\"4409\" \/>\n\t<meta property=\"og:image:height\" content=\"2480\" \/>\n\t<meta property=\"og:image:type\" content=\"image\/jpeg\" \/>\n<meta name=\"twitter:label1\" content=\"Est. reading time\" \/>\n\t<meta name=\"twitter:data1\" content=\"1 minute\" \/>\n<!-- \/ Yoast SEO plugin. -->","yoast_head_json":{"title":"Getting to the Thiel Gallery - The Thiel Gallery","robots":{"index":"index","follow":"follow","max-snippet":"max-snippet:-1","max-image-preview":"max-image-preview:large","max-video-preview":"max-video-preview:-1"},"canonical":"https:\/\/www.thielskagalleriet.se\/en\/visit-us\/getting-to-thiel-gallery\/","og_locale":"en_US","og_type":"article","og_title":"Getting to the Thiel Gallery - The Thiel Gallery","og_description":"By Bus No. 67 Bus 67 towards Blockhusudden runs several times per hour to the Thiel Gallery starting from Odenplan. Click here\u00a0to search for the next departure to the museum. By Boat Boat 80 stops at Blockhusudden, a very short walk from&hellip;","og_url":"https:\/\/www.thielskagalleriet.se\/en\/visit-us\/getting-to-thiel-gallery\/","og_site_name":"The Thiel Gallery","article_modified_time":"2025-10-20T08:32:21+00:00","og_image":[{"width":4409,"height":2480,"url":"https:\/\/www.thielskagalleriet.se\/wp-content\/uploads\/2013\/10\/Thielska_Galleriet.jpg","type":"image\/jpeg"}],"twitter_misc":{"Est. reading time":"1 minute"},"schema":{"@context":"https:\/\/schema.org","@graph":[{"@type":"WebPage","@id":"https:\/\/www.thielskagalleriet.se\/en\/visit-us\/getting-to-thiel-gallery\/","url":"https:\/\/www.thielskagalleriet.se\/en\/visit-us\/getting-to-thiel-gallery\/","name":"Getting to the Thiel Gallery - The Thiel Gallery","isPartOf":{"@id":"https:\/\/www.thielskagalleriet.se\/en\/#website"},"datePublished":"2012-06-27T07:46:39+00:00","dateModified":"2025-10-20T08:32:21+00:00","breadcrumb":{"@id":"https:\/\/www.thielskagalleriet.se\/en\/visit-us\/getting-to-thiel-gallery\/#breadcrumb"},"inLanguage":"en-US","potentialAction":[{"@type":"ReadAction","target":["https:\/\/www.thielskagalleriet.se\/en\/visit-us\/getting-to-thiel-gallery\/"]}]},{"@type":"BreadcrumbList","@id":"https:\/\/www.thielskagalleriet.se\/en\/visit-us\/getting-to-thiel-gallery\/#breadcrumb","itemListElement":[{"@type":"ListItem","position":1,"name":"Hem","item":"https:\/\/www.thielskagalleriet.se\/en\/"},{"@type":"ListItem","position":2,"name":"Visit us","item":"https:\/\/www.thielskagalleriet.se\/en\/visit-us\/opening-hours-admission\/"},{"@type":"ListItem","position":3,"name":"Getting to the Thiel Gallery"}]},{"@type":"WebSite","@id":"https:\/\/www.thielskagalleriet.se\/en\/#website","url":"https:\/\/www.thielskagalleriet.se\/en\/","name":"The Thiel Gallery","description":"","potentialAction":[{"@type":"SearchAction","target":{"@type":"EntryPoint","urlTemplate":"https:\/\/www.thielskagalleriet.se\/en\/?s={search_term_string}"},"query-input":{"@type":"PropertyValueSpecification","valueRequired":true,"valueName":"search_term_string"}}],"inLanguage":"en-US"}]}},"_links":{"self":[{"href":"https:\/\/www.thielskagalleriet.se\/en\/wp-json\/wp\/v2\/pages\/2487","targetHints":{"allow":["GET"]}}],"collection":[{"href":"https:\/\/www.thielskagalleriet.se\/en\/wp-json\/wp\/v2\/pages"}],"about":[{"href":"https:\/\/www.thielskagalleriet.se\/en\/wp-json\/wp\/v2\/types\/page"}],"author":[{"embeddable":true,"href":"https:\/\/www.thielskagalleriet.se\/en\/wp-json\/wp\/v2\/users\/1"}],"replies":[{"embeddable":true,"href":"https:\/\/www.thielskagalleriet.se\/en\/wp-json\/wp\/v2\/comments?post=2487"}],"version-history":[{"count":63,"href":"https:\/\/www.thielskagalleriet.se\/en\/wp-json\/wp\/v2\/pages\/2487\/revisions"}],"predecessor-version":[{"id":25284,"href":"https:\/\/www.thielskagalleriet.se\/en\/wp-json\/wp\/v2\/pages\/2487\/revisions\/25284"}],"up":[{"embeddable":true,"href":"https:\/\/www.thielskagalleriet.se\/en\/wp-json\/wp\/v2\/pages\/18158"}],"wp:attachment":[{"href":"https:\/\/www.thielskagalleriet.se\/en\/wp-json\/wp\/v2\/media?parent=2487"}],"curies":[{"name":"wp","href":"https:\/\/api.w.org\/{rel}","templated":true}]}}