{"id":17879,"date":"2021-05-19T10:12:53","date_gmt":"2021-05-19T08:12:53","guid":{"rendered":"https:\/\/www.thielskagalleriet.se\/?page_id=17879"},"modified":"2023-03-23T14:10:27","modified_gmt":"2023-03-23T13:10:27","slug":"loans-from-the-collections","status":"publish","type":"page","link":"https:\/\/www.thielskagalleriet.se\/en\/the-collection\/loans-from-the-collections\/","title":{"rendered":"Loans from the collections"},"content":{"rendered":"\n<p>The Thiel Gallery continuously lends objects from the collections to museums and other art institutions in Sweden and abroad. If your organization is interested in borrowing works from the museum's collections, we need your application at least four months before the exhibition's opening date. Loans are not granted to private individuals. Due to limited staff resources, there is a long processing time for received loan applications.<\/p>\n\n\n\n<h3 class=\"wp-block-heading\" id=\"application\">Application<\/h3>\n\n\n\n<p>We need a written request by letter addressed to the Director \u00c5sa Cavalli-Bj\u00f6rkman, Thielska Galleriet, Sj\u00f6tullsbacken 6-8, SE-115 25 Stockholm, Sweden and by e-mail to&nbsp;<a href=\"mailto:cecilia.rainer@thielskagalleriet.se\">cecilia.rainer@thielskagalleriet.se<\/a><\/p>\n\n\n\n<p>The application must contain the following information:<\/p>\n\n\n\n<p>\u00b7 Title and period of the exhibition.<\/p>\n\n\n\n<p>\u00b7 Name of institution and exhibition venue.<\/p>\n\n\n\n<p>\u00b7 Description of the exhibition concept and motivation for the loan.<\/p>\n\n\n\n<p>\u00b7 List of desired objects with the Thiel Gallery's inventory number.<\/p>\n\n\n\n<p>\u00b7 Information on the standard and safety of the exhibition rooms.<\/p>\n\n\n\n<p>\u00b7 Contact information to the exhibition manager and \/ or administrator.<\/p>\n\n\n\n<p>If the artwork is included or is planned to be included in the Thiel Gallery's own activities, this has priority. Sometimes loans can be denied if there is not enough time to process the loan request due to other projects in the organization.<br><\/p>\n","protected":false},"excerpt":{"rendered":"<p>The Thiel Gallery continuously lends objects from the collections to museums and other art institutions in Sweden and abroad. If your organization is interested in borrowing works from the museum's collections, we need your application at least four months before the exhibition's&hellip;<\/p>\n","protected":false},"author":10,"featured_media":20373,"parent":3754,"menu_order":30,"comment_status":"closed","ping_status":"closed","template":"","meta":{"_acf_changed":false,"footnotes":"","_links_to":"","_links_to_target":""},"class_list":["post-17879","page","type-page","status-publish","has-post-thumbnail","hentry"],"acf":[],"yoast_head":"<!-- This site is optimized with the Yoast SEO plugin v27.3 - https:\/\/yoast.com\/product\/yoast-seo-wordpress\/ -->\n<title>Loans from the collections - The Thiel Gallery<\/title>\n<meta name=\"robots\" content=\"index, follow, max-snippet:-1, max-image-preview:large, max-video-preview:-1\" \/>\n<link rel=\"canonical\" href=\"https:\/\/www.thielskagalleriet.se\/en\/the-collection\/loans-from-the-collections\/\" \/>\n<meta property=\"og:locale\" content=\"en_US\" \/>\n<meta property=\"og:type\" content=\"article\" \/>\n<meta property=\"og:title\" content=\"Loans from the collections - The Thiel Gallery\" \/>\n<meta property=\"og:description\" content=\"The Thiel Gallery continuously lends objects from the collections to museums and other art institutions in Sweden and abroad. If your organization is interested in borrowing works from the museum&#039;s collections, we need your application at least four months before the exhibition&#039;s&hellip;\" \/>\n<meta property=\"og:url\" content=\"https:\/\/www.thielskagalleriet.se\/en\/the-collection\/loans-from-the-collections\/\" \/>\n<meta property=\"og:site_name\" content=\"The Thiel Gallery\" \/>\n<meta property=\"article:modified_time\" content=\"2023-03-23T13:10:27+00:00\" \/>\n<meta property=\"og:image\" content=\"https:\/\/www.thielskagalleriet.se\/wp-content\/uploads\/2022\/09\/salongen-och-matsalen-3-cr.jpg\" \/>\n\t<meta property=\"og:image:width\" content=\"1200\" \/>\n\t<meta property=\"og:image:height\" content=\"800\" \/>\n\t<meta property=\"og:image:type\" content=\"image\/jpeg\" \/>\n<meta name=\"twitter:label1\" content=\"Est. reading time\" \/>\n\t<meta name=\"twitter:data1\" content=\"2 minutes\" \/>\n<!-- \/ Yoast SEO plugin. -->","yoast_head_json":{"title":"Loans from the collections - The Thiel Gallery","robots":{"index":"index","follow":"follow","max-snippet":"max-snippet:-1","max-image-preview":"max-image-preview:large","max-video-preview":"max-video-preview:-1"},"canonical":"https:\/\/www.thielskagalleriet.se\/en\/the-collection\/loans-from-the-collections\/","og_locale":"en_US","og_type":"article","og_title":"Loans from the collections - The Thiel Gallery","og_description":"The Thiel Gallery continuously lends objects from the collections to museums and other art institutions in Sweden and abroad. If your organization is interested in borrowing works from the museum's collections, we need your application at least four months before the exhibition's&hellip;","og_url":"https:\/\/www.thielskagalleriet.se\/en\/the-collection\/loans-from-the-collections\/","og_site_name":"The Thiel Gallery","article_modified_time":"2023-03-23T13:10:27+00:00","og_image":[{"url":"https:\/\/www.thielskagalleriet.se\/wp-content\/uploads\/2022\/09\/salongen-och-matsalen-3-cr.jpg","width":1200,"height":800,"type":"image\/jpeg"}],"twitter_misc":{"Est. reading time":"2 minutes"},"schema":{"@context":"https:\/\/schema.org","@graph":[{"@type":"WebPage","@id":"https:\/\/www.thielskagalleriet.se\/en\/the-collection\/loans-from-the-collections\/","url":"https:\/\/www.thielskagalleriet.se\/en\/the-collection\/loans-from-the-collections\/","name":"Loans from the collections - The Thiel Gallery","isPartOf":{"@id":"https:\/\/www.thielskagalleriet.se\/en\/#website"},"primaryImageOfPage":{"@id":"https:\/\/www.thielskagalleriet.se\/en\/the-collection\/loans-from-the-collections\/#primaryimage"},"image":{"@id":"https:\/\/www.thielskagalleriet.se\/en\/the-collection\/loans-from-the-collections\/#primaryimage"},"thumbnailUrl":"https:\/\/www.thielskagalleriet.se\/wp-content\/uploads\/2022\/09\/salongen-och-matsalen-3-cr.jpg","datePublished":"2021-05-19T08:12:53+00:00","dateModified":"2023-03-23T13:10:27+00:00","breadcrumb":{"@id":"https:\/\/www.thielskagalleriet.se\/en\/the-collection\/loans-from-the-collections\/#breadcrumb"},"inLanguage":"en-US","potentialAction":[{"@type":"ReadAction","target":["https:\/\/www.thielskagalleriet.se\/en\/the-collection\/loans-from-the-collections\/"]}]},{"@type":"ImageObject","inLanguage":"en-US","@id":"https:\/\/www.thielskagalleriet.se\/en\/the-collection\/loans-from-the-collections\/#primaryimage","url":"https:\/\/www.thielskagalleriet.se\/wp-content\/uploads\/2022\/09\/salongen-och-matsalen-3-cr.jpg","contentUrl":"https:\/\/www.thielskagalleriet.se\/wp-content\/uploads\/2022\/09\/salongen-och-matsalen-3-cr.jpg","width":5472,"height":3648,"caption":"Salongen p\u00e5 Thielska Galleriet"},{"@type":"BreadcrumbList","@id":"https:\/\/www.thielskagalleriet.se\/en\/the-collection\/loans-from-the-collections\/#breadcrumb","itemListElement":[{"@type":"ListItem","position":1,"name":"Hem","item":"https:\/\/www.thielskagalleriet.se\/en\/"},{"@type":"ListItem","position":2,"name":"The Collection","item":"https:\/\/www.thielskagalleriet.se\/en\/the-collection\/"},{"@type":"ListItem","position":3,"name":"Loans from the collections"}]},{"@type":"WebSite","@id":"https:\/\/www.thielskagalleriet.se\/en\/#website","url":"https:\/\/www.thielskagalleriet.se\/en\/","name":"The Thiel Gallery","description":"","potentialAction":[{"@type":"SearchAction","target":{"@type":"EntryPoint","urlTemplate":"https:\/\/www.thielskagalleriet.se\/en\/?s={search_term_string}"},"query-input":{"@type":"PropertyValueSpecification","valueRequired":true,"valueName":"search_term_string"}}],"inLanguage":"en-US"}]}},"_links":{"self":[{"href":"https:\/\/www.thielskagalleriet.se\/en\/wp-json\/wp\/v2\/pages\/17879","targetHints":{"allow":["GET"]}}],"collection":[{"href":"https:\/\/www.thielskagalleriet.se\/en\/wp-json\/wp\/v2\/pages"}],"about":[{"href":"https:\/\/www.thielskagalleriet.se\/en\/wp-json\/wp\/v2\/types\/page"}],"author":[{"embeddable":true,"href":"https:\/\/www.thielskagalleriet.se\/en\/wp-json\/wp\/v2\/users\/10"}],"replies":[{"embeddable":true,"href":"https:\/\/www.thielskagalleriet.se\/en\/wp-json\/wp\/v2\/comments?post=17879"}],"version-history":[{"count":8,"href":"https:\/\/www.thielskagalleriet.se\/en\/wp-json\/wp\/v2\/pages\/17879\/revisions"}],"predecessor-version":[{"id":21183,"href":"https:\/\/www.thielskagalleriet.se\/en\/wp-json\/wp\/v2\/pages\/17879\/revisions\/21183"}],"up":[{"embeddable":true,"href":"https:\/\/www.thielskagalleriet.se\/en\/wp-json\/wp\/v2\/pages\/3754"}],"wp:featuredmedia":[{"embeddable":true,"href":"https:\/\/www.thielskagalleriet.se\/en\/wp-json\/wp\/v2\/media\/20373"}],"wp:attachment":[{"href":"https:\/\/www.thielskagalleriet.se\/en\/wp-json\/wp\/v2\/media?parent=17879"}],"curies":[{"name":"wp","href":"https:\/\/api.w.org\/{rel}","templated":true}]}}