{"id":16810,"date":"2021-01-08T10:29:57","date_gmt":"2021-01-08T09:29:57","guid":{"rendered":"https:\/\/www.thielskagalleriet.se\/?page_id=16810"},"modified":"2021-01-08T10:29:57","modified_gmt":"2021-01-08T09:29:57","slug":"support-us","status":"publish","type":"page","link":"https:\/\/www.thielskagalleriet.se\/en\/support-us\/","title":{"rendered":"Support us"},"content":{"rendered":"<p>Thielska Galleriet (the Thiel Gallery) is an art museum beautifully located in a walled park on Blockhusudden at Djurg\u00e5rden in Stockholm. The building was created for the banker and art patron Ernest Thiel's (1859-1947) magnificent art collection from the turn of the 20th century, designed by the architect Ferdinand Boberg and completed in 1907. Since 1925, the Thiel Gallery has been a museum open to the public. Every year, the museum has several temporary exhibitions and events for both adults and children.<\/p>\n<p>Your commitment to the Thiel Gallery is of great importance for the museum's operation. As a company or individual, you can support the museum in various ways:<\/p>\n<p><strong>Season ticket.<\/strong> Experience the Thiel Gallery all year round, buy the season ticket in the museum's webshop or on site in the museum. <a href=\"https:\/\/stiftelsenthielskagalleriet.selz.com\/\">Visit the webshop here (only in Swedish)<\/a><\/p>\n<p><strong>The shop.<\/strong> Napkins, bookmarks, books, trays and other items with motifs from the museum's collections are available in the webshop and in our shop at the museum.<\/p>\n<p><strong>Guided tours.<\/strong> It is possible to book a guided tour of Ernest Thiel's art collection or our temporary exhibition's for a small group outside opening hours. <a href=\"https:\/\/www.thielskagalleriet.se\/en\/guided-toures\/\">Read more<\/a><\/p>\n<p>Our <strong>conference room <\/strong>is a creative place for meetings and smaller conferences with the opportunity to order lunch \/ coffee and a tour of the museum.<\/p>\n<p>It is also possible to join the<strong> the Thiel\u00a0Gallery's friends' association,<\/strong> which gives free admission to the museum and other benefits.<\/p>\n<p><strong>Gift.<\/strong> Give a gift directly to the Thiel Gallery. Swish any amount to 1232 688 000. Write GIFT in the subject line.<\/p>\n<p>For sponsorship support and donations, you are welcome to contact the museum director:<br \/>\n\u00c5sa Cavalli-Bj\u00f6rkman<br \/>\n+46 (0)70 278 55 53<br \/>\nasa.cavalli-bjorkman@thielskagalleriet.se<\/p>\n","protected":false},"excerpt":{"rendered":"<p>Thielska Galleriet (the Thiel Gallery) is an art museum beautifully located in a walled park on Blockhusudden at Djurg\u00e5rden in Stockholm. The building was created for the banker and art patron Ernest Thiel's (1859-1947) magnificent art collection from the turn of the&hellip;<\/p>\n","protected":false},"author":10,"featured_media":14287,"parent":0,"menu_order":0,"comment_status":"closed","ping_status":"closed","template":"","meta":{"_acf_changed":false,"footnotes":"","_links_to":"","_links_to_target":""},"class_list":["post-16810","page","type-page","status-publish","has-post-thumbnail","hentry"],"acf":[],"yoast_head":"<!-- This site is optimized with the Yoast SEO plugin v27.3 - https:\/\/yoast.com\/product\/yoast-seo-wordpress\/ -->\n<title>Support us - The Thiel Gallery<\/title>\n<meta name=\"robots\" content=\"index, follow, max-snippet:-1, max-image-preview:large, max-video-preview:-1\" \/>\n<link rel=\"canonical\" href=\"https:\/\/www.thielskagalleriet.se\/en\/support-us\/\" \/>\n<meta property=\"og:locale\" content=\"en_US\" \/>\n<meta property=\"og:type\" content=\"article\" \/>\n<meta property=\"og:title\" content=\"Support us - The Thiel Gallery\" \/>\n<meta property=\"og:description\" content=\"Thielska Galleriet (the Thiel Gallery) is an art museum beautifully located in a walled park on Blockhusudden at Djurg\u00e5rden in Stockholm. The building was created for the banker and art patron Ernest Thiel&#039;s (1859-1947) magnificent art collection from the turn of the&hellip;\" \/>\n<meta property=\"og:url\" content=\"https:\/\/www.thielskagalleriet.se\/en\/support-us\/\" \/>\n<meta property=\"og:site_name\" content=\"The Thiel Gallery\" \/>\n<meta property=\"og:image\" content=\"https:\/\/www.thielskagalleriet.se\/wp-content\/uploads\/2020\/03\/db1730e7-6821-483c-9bab-cab3f08c55f1.jpeg\" \/>\n\t<meta property=\"og:image:width\" content=\"688\" \/>\n\t<meta property=\"og:image:height\" content=\"518\" \/>\n\t<meta property=\"og:image:type\" content=\"image\/jpeg\" \/>\n<meta name=\"twitter:label1\" content=\"Est. reading time\" \/>\n\t<meta name=\"twitter:data1\" content=\"1 minute\" \/>\n<!-- \/ Yoast SEO plugin. -->","yoast_head_json":{"title":"Support us - The Thiel Gallery","robots":{"index":"index","follow":"follow","max-snippet":"max-snippet:-1","max-image-preview":"max-image-preview:large","max-video-preview":"max-video-preview:-1"},"canonical":"https:\/\/www.thielskagalleriet.se\/en\/support-us\/","og_locale":"en_US","og_type":"article","og_title":"Support us - The Thiel Gallery","og_description":"Thielska Galleriet (the Thiel Gallery) is an art museum beautifully located in a walled park on Blockhusudden at Djurg\u00e5rden in Stockholm. The building was created for the banker and art patron Ernest Thiel's (1859-1947) magnificent art collection from the turn of the&hellip;","og_url":"https:\/\/www.thielskagalleriet.se\/en\/support-us\/","og_site_name":"The Thiel Gallery","og_image":[{"width":688,"height":518,"url":"https:\/\/www.thielskagalleriet.se\/wp-content\/uploads\/2020\/03\/db1730e7-6821-483c-9bab-cab3f08c55f1.jpeg","type":"image\/jpeg"}],"twitter_misc":{"Est. reading time":"1 minute"},"schema":{"@context":"https:\/\/schema.org","@graph":[{"@type":"WebPage","@id":"https:\/\/www.thielskagalleriet.se\/en\/support-us\/","url":"https:\/\/www.thielskagalleriet.se\/en\/support-us\/","name":"Support us - The Thiel Gallery","isPartOf":{"@id":"https:\/\/www.thielskagalleriet.se\/en\/#website"},"primaryImageOfPage":{"@id":"https:\/\/www.thielskagalleriet.se\/en\/support-us\/#primaryimage"},"image":{"@id":"https:\/\/www.thielskagalleriet.se\/en\/support-us\/#primaryimage"},"thumbnailUrl":"https:\/\/www.thielskagalleriet.se\/wp-content\/uploads\/2020\/03\/db1730e7-6821-483c-9bab-cab3f08c55f1.jpeg","datePublished":"2021-01-08T09:29:57+00:00","breadcrumb":{"@id":"https:\/\/www.thielskagalleriet.se\/en\/support-us\/#breadcrumb"},"inLanguage":"en-US","potentialAction":[{"@type":"ReadAction","target":["https:\/\/www.thielskagalleriet.se\/en\/support-us\/"]}]},{"@type":"ImageObject","inLanguage":"en-US","@id":"https:\/\/www.thielskagalleriet.se\/en\/support-us\/#primaryimage","url":"https:\/\/www.thielskagalleriet.se\/wp-content\/uploads\/2020\/03\/db1730e7-6821-483c-9bab-cab3f08c55f1.jpeg","contentUrl":"https:\/\/www.thielskagalleriet.se\/wp-content\/uploads\/2020\/03\/db1730e7-6821-483c-9bab-cab3f08c55f1.jpeg","width":688,"height":518,"caption":"Gustaf Fj\u00e6stad, Rimfrost p\u00e5 is, 1907, olja p\u00e5 duk. Foto: Thielska Galleriet"},{"@type":"BreadcrumbList","@id":"https:\/\/www.thielskagalleriet.se\/en\/support-us\/#breadcrumb","itemListElement":[{"@type":"ListItem","position":1,"name":"Hem","item":"https:\/\/www.thielskagalleriet.se\/en\/"},{"@type":"ListItem","position":2,"name":"Support us"}]},{"@type":"WebSite","@id":"https:\/\/www.thielskagalleriet.se\/en\/#website","url":"https:\/\/www.thielskagalleriet.se\/en\/","name":"The Thiel Gallery","description":"","potentialAction":[{"@type":"SearchAction","target":{"@type":"EntryPoint","urlTemplate":"https:\/\/www.thielskagalleriet.se\/en\/?s={search_term_string}"},"query-input":{"@type":"PropertyValueSpecification","valueRequired":true,"valueName":"search_term_string"}}],"inLanguage":"en-US"}]}},"_links":{"self":[{"href":"https:\/\/www.thielskagalleriet.se\/en\/wp-json\/wp\/v2\/pages\/16810","targetHints":{"allow":["GET"]}}],"collection":[{"href":"https:\/\/www.thielskagalleriet.se\/en\/wp-json\/wp\/v2\/pages"}],"about":[{"href":"https:\/\/www.thielskagalleriet.se\/en\/wp-json\/wp\/v2\/types\/page"}],"author":[{"embeddable":true,"href":"https:\/\/www.thielskagalleriet.se\/en\/wp-json\/wp\/v2\/users\/10"}],"replies":[{"embeddable":true,"href":"https:\/\/www.thielskagalleriet.se\/en\/wp-json\/wp\/v2\/comments?post=16810"}],"version-history":[{"count":1,"href":"https:\/\/www.thielskagalleriet.se\/en\/wp-json\/wp\/v2\/pages\/16810\/revisions"}],"predecessor-version":[{"id":16812,"href":"https:\/\/www.thielskagalleriet.se\/en\/wp-json\/wp\/v2\/pages\/16810\/revisions\/16812"}],"wp:featuredmedia":[{"embeddable":true,"href":"https:\/\/www.thielskagalleriet.se\/en\/wp-json\/wp\/v2\/media\/14287"}],"wp:attachment":[{"href":"https:\/\/www.thielskagalleriet.se\/en\/wp-json\/wp\/v2\/media?parent=16810"}],"curies":[{"name":"wp","href":"https:\/\/api.w.org\/{rel}","templated":true}]}}