{"id":16695,"date":"2020-12-22T14:53:22","date_gmt":"2020-12-22T13:53:22","guid":{"rendered":"https:\/\/www.thielskagalleriet.se\/?page_id=16695"},"modified":"2025-11-03T14:08:46","modified_gmt":"2025-11-03T13:08:46","slug":"axel-torneman-bohemian-life-and-modernity-6-february-2021-6-june-2021","status":"publish","type":"page","link":"https:\/\/www.thielskagalleriet.se\/en\/press\/axel-torneman-bohemian-life-and-modernity-6-february-2021-6-june-2021\/","title":{"rendered":"Axel T\u00f6rneman: Bohemian-life and modernity 6 February 2021 - 6 June 2021"},"content":{"rendered":"<p>Axel T\u00f6rneman\u2019s (1880-1925) art is characterized by dramatic compositions and motifs in vibrant colours. The paintings depict the spirit of the turn of the century. Even though T\u00f6rneman took up the role as a pioneer for modern art in Sweden, he remained a misunderstood bohemian who often went his own way.<\/p>\n<p>T\u00f6rneman\u2019s artistic breakthrough began in Paris, where he was drawn into the bohemian life. In 1907, his colourful painting The Night Caf\u00e9 caused sensation in Sweden, where the electric light and the absinthe veiled atmosphere was associated with both modernity and decadence. T\u00f6rneman received his first recognition when Ernest Thiel bought The Night Caf\u00e9 and today Thielska Galleriet is in possession of the largest T\u00f6rneman collection.<\/p>\n<p>The exhibition provides a broad presentation of an intriguing artist. From the early paintings in France, through the extensive production for book illustrations and caricatures, to the large paintings with motifs that portrays social life and mythology. With its 78 Art works, this is the most comprehensive exhibition of T\u00f6rneman that has taken place since almost 50 years.<\/p>\n<p>Curated by Adam Korpskog, Master\u00b4s degree in Art history.<\/p>\n<div id=\"attachment_15835\" style=\"width: 2570px\" class=\"wp-caption alignnone\"><a href=\"https:\/\/www.thielskagalleriet.se\/wp-content\/uploads\/2019\/11\/torneman-nattcafeet-scaled.jpg\"><img loading=\"lazy\" decoding=\"async\" aria-describedby=\"caption-attachment-15835\" class=\"wp-image-15835 size-full\" src=\"https:\/\/www.thielskagalleriet.se\/wp-content\/uploads\/2019\/11\/torneman-nattcafeet-scaled.jpg\" alt=\"\" width=\"2560\" height=\"2290\" srcset=\"https:\/\/www.thielskagalleriet.se\/wp-content\/uploads\/2019\/11\/torneman-nattcafeet-scaled.jpg 2560w, https:\/\/www.thielskagalleriet.se\/wp-content\/uploads\/2019\/11\/torneman-nattcafeet-768x687.jpg 768w, https:\/\/www.thielskagalleriet.se\/wp-content\/uploads\/2019\/11\/torneman-nattcafeet-1536x1374.jpg 1536w, https:\/\/www.thielskagalleriet.se\/wp-content\/uploads\/2019\/11\/torneman-nattcafeet-2048x1832.jpg 2048w\" sizes=\"auto, (max-width: 2560px) 100vw, 2560px\" \/><\/a><p id=\"caption-attachment-15835\" class=\"wp-caption-text\">Axel T\u00f6rneman,<em> Night Caf\u00e9,<\/em> 1906, Thielska Galleriet.<\/p><\/div>\n<div id=\"attachment_16874\" style=\"width: 2028px\" class=\"wp-caption alignnone\"><img loading=\"lazy\" decoding=\"async\" aria-describedby=\"caption-attachment-16874\" class=\"size-full wp-image-16874\" src=\"https:\/\/www.thielskagalleriet.se\/wp-content\/uploads\/2021\/01\/gudrun_algot_torneman-ca-1913-scaled.jpg\" alt=\"\" width=\"2018\" height=\"2560\" srcset=\"https:\/\/www.thielskagalleriet.se\/wp-content\/uploads\/2021\/01\/gudrun_algot_torneman-ca-1913-scaled.jpg 2018w, https:\/\/www.thielskagalleriet.se\/wp-content\/uploads\/2021\/01\/gudrun_algot_torneman-ca-1913-768x974.jpg 768w, https:\/\/www.thielskagalleriet.se\/wp-content\/uploads\/2021\/01\/gudrun_algot_torneman-ca-1913-1211x1536.jpg 1211w, https:\/\/www.thielskagalleriet.se\/wp-content\/uploads\/2021\/01\/gudrun_algot_torneman-ca-1913-1615x2048.jpg 1615w\" sizes=\"auto, (max-width: 2018px) 100vw, 2018px\" \/><p id=\"caption-attachment-16874\" class=\"wp-caption-text\">Axel T\u00f6rneman with his wife, the singer Gudrun T\u00f6rneman (f. H\u00f8yer-Ellefsen) and their son Algot, c. 1913. From Signe and Yngves family album, photo: Magnus Karlsson.<\/p><\/div>\n<div id=\"attachment_16149\" style=\"width: 2295px\" class=\"wp-caption alignnone\"><a href=\"https:\/\/www.thielskagalleriet.se\/wp-content\/uploads\/2019\/11\/torneman-1-scaled.jpg\"><img loading=\"lazy\" decoding=\"async\" aria-describedby=\"caption-attachment-16149\" class=\"wp-image-16149 size-full\" src=\"https:\/\/www.thielskagalleriet.se\/wp-content\/uploads\/2019\/11\/torneman-1-scaled.jpg\" alt=\"\" width=\"2285\" height=\"2560\" srcset=\"https:\/\/www.thielskagalleriet.se\/wp-content\/uploads\/2019\/11\/torneman-1-scaled.jpg 2285w, https:\/\/www.thielskagalleriet.se\/wp-content\/uploads\/2019\/11\/torneman-1-768x860.jpg 768w, https:\/\/www.thielskagalleriet.se\/wp-content\/uploads\/2019\/11\/torneman-1-1371x1536.jpg 1371w, https:\/\/www.thielskagalleriet.se\/wp-content\/uploads\/2019\/11\/torneman-1-1828x2048.jpg 1828w\" sizes=\"auto, (max-width: 2285px) 100vw, 2285px\" \/><\/a><p id=\"caption-attachment-16149\" class=\"wp-caption-text\">Axel T\u00f6rneman, <em>Portrait of the Artist's Wife,<\/em> 1908, Thielska Galleriet.<\/p><\/div>\n<div id=\"attachment_16631\" style=\"width: 1766px\" class=\"wp-caption alignnone\"><a href=\"https:\/\/www.thielskagalleriet.se\/wp-content\/uploads\/2019\/11\/bild-4--gudrun-1904-scaled.jpg\"><img loading=\"lazy\" decoding=\"async\" aria-describedby=\"caption-attachment-16631\" class=\"wp-image-16631 size-full\" src=\"https:\/\/www.thielskagalleriet.se\/wp-content\/uploads\/2019\/11\/bild-4--gudrun-1904-scaled.jpg\" alt=\"\" width=\"1756\" height=\"2560\" srcset=\"https:\/\/www.thielskagalleriet.se\/wp-content\/uploads\/2019\/11\/bild-4--gudrun-1904-scaled.jpg 1756w, https:\/\/www.thielskagalleriet.se\/wp-content\/uploads\/2019\/11\/bild-4--gudrun-1904-768x1120.jpg 768w, https:\/\/www.thielskagalleriet.se\/wp-content\/uploads\/2019\/11\/bild-4--gudrun-1904-1053x1536.jpg 1053w, https:\/\/www.thielskagalleriet.se\/wp-content\/uploads\/2019\/11\/bild-4--gudrun-1904-1404x2048.jpg 1404w\" sizes=\"auto, (max-width: 1756px) 100vw, 1756px\" \/><\/a><p id=\"caption-attachment-16631\" class=\"wp-caption-text\">Axel T\u00f6rneman, <em>Gudrun,<\/em> 1904, private collection. Bokf\u00f6rlaget Stolpe\/Photo Bengt Wanselius.<\/p><\/div>\n<div id=\"attachment_16633\" style=\"width: 1100px\" class=\"wp-caption alignnone\"><a href=\"https:\/\/www.thielskagalleriet.se\/wp-content\/uploads\/2019\/11\/bild-20--fagel-bla-1916-scaled.jpg\"><img loading=\"lazy\" decoding=\"async\" aria-describedby=\"caption-attachment-16633\" class=\"wp-image-16633 size-full\" src=\"https:\/\/www.thielskagalleriet.se\/wp-content\/uploads\/2019\/11\/bild-20--fagel-bla-1916-scaled.jpg\" alt=\"\" width=\"1090\" height=\"2560\" srcset=\"https:\/\/www.thielskagalleriet.se\/wp-content\/uploads\/2019\/11\/bild-20--fagel-bla-1916-scaled.jpg 1090w, https:\/\/www.thielskagalleriet.se\/wp-content\/uploads\/2019\/11\/bild-20--fagel-bla-1916-768x1804.jpg 768w, https:\/\/www.thielskagalleriet.se\/wp-content\/uploads\/2019\/11\/bild-20--fagel-bla-1916-654x1536.jpg 654w, https:\/\/www.thielskagalleriet.se\/wp-content\/uploads\/2019\/11\/bild-20--fagel-bla-1916-872x2048.jpg 872w\" sizes=\"auto, (max-width: 1090px) 100vw, 1090px\" \/><\/a><p id=\"caption-attachment-16633\" class=\"wp-caption-text\">Axel T\u00f6rneman,\u00a0<em>F\u00e5gel bl\u00e5<\/em>, 1916, private collection. Photo: Patric Evinger\/\u00c5mells konsthandel.<\/p><\/div>\n<div id=\"attachment_16876\" style=\"width: 2570px\" class=\"wp-caption alignnone\"><img loading=\"lazy\" decoding=\"async\" aria-describedby=\"caption-attachment-16876\" class=\"wp-image-16876 size-full\" src=\"https:\/\/www.thielskagalleriet.se\/wp-content\/uploads\/2021\/01\/gudrun-algot-torneman-ca-1913-scaled.jpg\" alt=\"\" width=\"2560\" height=\"1797\" srcset=\"https:\/\/www.thielskagalleriet.se\/wp-content\/uploads\/2021\/01\/gudrun-algot-torneman-ca-1913-scaled.jpg 2560w, https:\/\/www.thielskagalleriet.se\/wp-content\/uploads\/2021\/01\/gudrun-algot-torneman-ca-1913-768x539.jpg 768w, https:\/\/www.thielskagalleriet.se\/wp-content\/uploads\/2021\/01\/gudrun-algot-torneman-ca-1913-1536x1078.jpg 1536w, https:\/\/www.thielskagalleriet.se\/wp-content\/uploads\/2021\/01\/gudrun-algot-torneman-ca-1913-2048x1438.jpg 2048w\" sizes=\"auto, (max-width: 2560px) 100vw, 2560px\" \/><p id=\"caption-attachment-16876\" class=\"wp-caption-text\">Axel and Gudrun T\u00f6rneman, their son Axel and Axel's sister in a hat in the family estate in Persberg, V\u00e4rmland. The walls are covered with two of Axel T\u00f6rneman's paintings that are on display in the exhibition. From Signe and Yngve T\u00f6rneman's family album, photo: Magnus Karlsson.<\/p><\/div>\n<div id=\"attachment_16152\" style=\"width: 2570px\" class=\"wp-caption alignnone\"><img loading=\"lazy\" decoding=\"async\" aria-describedby=\"caption-attachment-16152\" class=\"size-full wp-image-16152\" src=\"https:\/\/www.thielskagalleriet.se\/wp-content\/uploads\/2019\/11\/torneman-3-scaled.jpg\" alt=\"\" width=\"2560\" height=\"2206\" srcset=\"https:\/\/www.thielskagalleriet.se\/wp-content\/uploads\/2019\/11\/torneman-3-scaled.jpg 2560w, https:\/\/www.thielskagalleriet.se\/wp-content\/uploads\/2019\/11\/torneman-3-768x662.jpg 768w, https:\/\/www.thielskagalleriet.se\/wp-content\/uploads\/2019\/11\/torneman-3-1536x1324.jpg 1536w, https:\/\/www.thielskagalleriet.se\/wp-content\/uploads\/2019\/11\/torneman-3-2048x1765.jpg 2048w\" sizes=\"auto, (max-width: 2560px) 100vw, 2560px\" \/><p id=\"caption-attachment-16152\" class=\"wp-caption-text\">Axel T\u00f6rneman, Vari\u00e9t\u00e9, undated, Thielska Galleriet.<\/p><\/div>\n<div id=\"attachment_16885\" style=\"width: 1936px\" class=\"wp-caption alignnone\"><img loading=\"lazy\" decoding=\"async\" aria-describedby=\"caption-attachment-16885\" class=\"wp-image-16885 size-full\" src=\"https:\/\/www.thielskagalleriet.se\/wp-content\/uploads\/2019\/11\/365a-scaled-e1611320816873.jpg\" alt=\"\" width=\"1926\" height=\"2329\" \/><p id=\"caption-attachment-16885\" class=\"wp-caption-text\">Axel T\u00f6rneman, Self portrait, 1904, Thielska Galleriet.<\/p><\/div>\n","protected":false},"excerpt":{"rendered":"<p>Axel T\u00f6rneman\u2019s (1880-1925) art is characterized by dramatic compositions and motifs in vibrant colours. The paintings depict the spirit of the turn of the century. Even though T\u00f6rneman took up the role as a pioneer for modern art in Sweden, he remained&hellip;<\/p>\n","protected":false},"author":10,"featured_media":0,"parent":2560,"menu_order":0,"comment_status":"closed","ping_status":"closed","template":"","meta":{"_acf_changed":false,"footnotes":"","_links_to":"","_links_to_target":""},"class_list":["post-16695","page","type-page","status-publish","hentry"],"acf":[],"yoast_head":"<!-- This site is optimized with the Yoast SEO plugin v27.3 - https:\/\/yoast.com\/product\/yoast-seo-wordpress\/ -->\n<title>Axel T\u00f6rneman: Bohemian-life and modernity 6 February 2021 - 6 June 2021 - The Thiel Gallery<\/title>\n<meta name=\"robots\" content=\"index, follow, max-snippet:-1, max-image-preview:large, max-video-preview:-1\" \/>\n<link rel=\"canonical\" href=\"https:\/\/www.thielskagalleriet.se\/en\/press\/axel-torneman-bohemian-life-and-modernity-6-february-2021-6-june-2021\/\" \/>\n<meta property=\"og:locale\" content=\"en_US\" \/>\n<meta property=\"og:type\" content=\"article\" \/>\n<meta property=\"og:title\" content=\"Axel T\u00f6rneman: Bohemian-life and modernity 6 February 2021 - 6 June 2021 - The Thiel Gallery\" \/>\n<meta property=\"og:description\" content=\"Axel T\u00f6rneman\u2019s (1880-1925) art is characterized by dramatic compositions and motifs in vibrant colours. The paintings depict the spirit of the turn of the century. Even though T\u00f6rneman took up the role as a pioneer for modern art in Sweden, he remained&hellip;\" \/>\n<meta property=\"og:url\" content=\"https:\/\/www.thielskagalleriet.se\/en\/press\/axel-torneman-bohemian-life-and-modernity-6-february-2021-6-june-2021\/\" \/>\n<meta property=\"og:site_name\" content=\"The Thiel Gallery\" \/>\n<meta property=\"article:modified_time\" content=\"2025-11-03T13:08:46+00:00\" \/>\n<meta property=\"og:image\" content=\"https:\/\/www.thielskagalleriet.se\/wp-content\/uploads\/2019\/11\/torneman-nattcafeet-scaled.jpg\" \/>\n\t<meta property=\"og:image:width\" content=\"2560\" \/>\n\t<meta property=\"og:image:height\" content=\"2290\" \/>\n\t<meta property=\"og:image:type\" content=\"image\/jpeg\" \/>\n<meta name=\"twitter:label1\" content=\"Est. reading time\" \/>\n\t<meta name=\"twitter:data1\" content=\"4 minutes\" \/>\n<!-- \/ Yoast SEO plugin. -->","yoast_head_json":{"title":"Axel T\u00f6rneman: Bohemian-life and modernity 6 February 2021 - 6 June 2021 - The Thiel Gallery","robots":{"index":"index","follow":"follow","max-snippet":"max-snippet:-1","max-image-preview":"max-image-preview:large","max-video-preview":"max-video-preview:-1"},"canonical":"https:\/\/www.thielskagalleriet.se\/en\/press\/axel-torneman-bohemian-life-and-modernity-6-february-2021-6-june-2021\/","og_locale":"en_US","og_type":"article","og_title":"Axel T\u00f6rneman: Bohemian-life and modernity 6 February 2021 - 6 June 2021 - The Thiel Gallery","og_description":"Axel T\u00f6rneman\u2019s (1880-1925) art is characterized by dramatic compositions and motifs in vibrant colours. The paintings depict the spirit of the turn of the century. Even though T\u00f6rneman took up the role as a pioneer for modern art in Sweden, he remained&hellip;","og_url":"https:\/\/www.thielskagalleriet.se\/en\/press\/axel-torneman-bohemian-life-and-modernity-6-february-2021-6-june-2021\/","og_site_name":"The Thiel Gallery","article_modified_time":"2025-11-03T13:08:46+00:00","og_image":[{"width":2560,"height":2290,"url":"https:\/\/www.thielskagalleriet.se\/wp-content\/uploads\/2019\/11\/torneman-nattcafeet-scaled.jpg","type":"image\/jpeg"}],"twitter_misc":{"Est. reading time":"4 minutes"},"schema":{"@context":"https:\/\/schema.org","@graph":[{"@type":"WebPage","@id":"https:\/\/www.thielskagalleriet.se\/en\/press\/axel-torneman-bohemian-life-and-modernity-6-february-2021-6-june-2021\/","url":"https:\/\/www.thielskagalleriet.se\/en\/press\/axel-torneman-bohemian-life-and-modernity-6-february-2021-6-june-2021\/","name":"Axel T\u00f6rneman: Bohemian-life and modernity 6 February 2021 - 6 June 2021 - The Thiel Gallery","isPartOf":{"@id":"https:\/\/www.thielskagalleriet.se\/en\/#website"},"primaryImageOfPage":{"@id":"https:\/\/www.thielskagalleriet.se\/en\/press\/axel-torneman-bohemian-life-and-modernity-6-february-2021-6-june-2021\/#primaryimage"},"image":{"@id":"https:\/\/www.thielskagalleriet.se\/en\/press\/axel-torneman-bohemian-life-and-modernity-6-february-2021-6-june-2021\/#primaryimage"},"thumbnailUrl":"https:\/\/www.thielskagalleriet.se\/wp-content\/uploads\/2019\/11\/torneman-nattcafeet-scaled.jpg","datePublished":"2020-12-22T13:53:22+00:00","dateModified":"2025-11-03T13:08:46+00:00","breadcrumb":{"@id":"https:\/\/www.thielskagalleriet.se\/en\/press\/axel-torneman-bohemian-life-and-modernity-6-february-2021-6-june-2021\/#breadcrumb"},"inLanguage":"en-US","potentialAction":[{"@type":"ReadAction","target":["https:\/\/www.thielskagalleriet.se\/en\/press\/axel-torneman-bohemian-life-and-modernity-6-february-2021-6-june-2021\/"]}]},{"@type":"ImageObject","inLanguage":"en-US","@id":"https:\/\/www.thielskagalleriet.se\/en\/press\/axel-torneman-bohemian-life-and-modernity-6-february-2021-6-june-2021\/#primaryimage","url":"https:\/\/www.thielskagalleriet.se\/wp-content\/uploads\/2019\/11\/torneman-nattcafeet-scaled.jpg","contentUrl":"https:\/\/www.thielskagalleriet.se\/wp-content\/uploads\/2019\/11\/torneman-nattcafeet-scaled.jpg"},{"@type":"BreadcrumbList","@id":"https:\/\/www.thielskagalleriet.se\/en\/press\/axel-torneman-bohemian-life-and-modernity-6-february-2021-6-june-2021\/#breadcrumb","itemListElement":[{"@type":"ListItem","position":1,"name":"Hem","item":"https:\/\/www.thielskagalleriet.se\/en\/"},{"@type":"ListItem","position":2,"name":"Press","item":"https:\/\/www.thielskagalleriet.se\/en\/press\/"},{"@type":"ListItem","position":3,"name":"Axel T\u00f6rneman: Bohemian-life and modernity 6 February 2021 - 6 June 2021"}]},{"@type":"WebSite","@id":"https:\/\/www.thielskagalleriet.se\/en\/#website","url":"https:\/\/www.thielskagalleriet.se\/en\/","name":"The Thiel Gallery","description":"","potentialAction":[{"@type":"SearchAction","target":{"@type":"EntryPoint","urlTemplate":"https:\/\/www.thielskagalleriet.se\/en\/?s={search_term_string}"},"query-input":{"@type":"PropertyValueSpecification","valueRequired":true,"valueName":"search_term_string"}}],"inLanguage":"en-US"}]}},"_links":{"self":[{"href":"https:\/\/www.thielskagalleriet.se\/en\/wp-json\/wp\/v2\/pages\/16695","targetHints":{"allow":["GET"]}}],"collection":[{"href":"https:\/\/www.thielskagalleriet.se\/en\/wp-json\/wp\/v2\/pages"}],"about":[{"href":"https:\/\/www.thielskagalleriet.se\/en\/wp-json\/wp\/v2\/types\/page"}],"author":[{"embeddable":true,"href":"https:\/\/www.thielskagalleriet.se\/en\/wp-json\/wp\/v2\/users\/10"}],"replies":[{"embeddable":true,"href":"https:\/\/www.thielskagalleriet.se\/en\/wp-json\/wp\/v2\/comments?post=16695"}],"version-history":[{"count":9,"href":"https:\/\/www.thielskagalleriet.se\/en\/wp-json\/wp\/v2\/pages\/16695\/revisions"}],"predecessor-version":[{"id":25307,"href":"https:\/\/www.thielskagalleriet.se\/en\/wp-json\/wp\/v2\/pages\/16695\/revisions\/25307"}],"up":[{"embeddable":true,"href":"https:\/\/www.thielskagalleriet.se\/en\/wp-json\/wp\/v2\/pages\/2560"}],"wp:attachment":[{"href":"https:\/\/www.thielskagalleriet.se\/en\/wp-json\/wp\/v2\/media?parent=16695"}],"curies":[{"name":"wp","href":"https:\/\/api.w.org\/{rel}","templated":true}]}}