{"id":16690,"date":"2020-12-22T14:46:10","date_gmt":"2020-12-22T13:46:10","guid":{"rendered":"https:\/\/www.thielskagalleriet.se\/?page_id=16690"},"modified":"2025-10-13T10:44:10","modified_gmt":"2025-10-13T08:44:10","slug":"hjalmar-soderberg-and-the-arts-a-jubilee-exhibition-19-september-2019-february-14-january-2022","status":"publish","type":"page","link":"https:\/\/www.thielskagalleriet.se\/en\/press\/hjalmar-soderberg-and-the-arts-a-jubilee-exhibition-19-september-2019-february-14-january-2022\/","title":{"rendered":"Hjalmar S\u00f6derberg and the Visual Arts"},"content":{"rendered":"\n<p>The author Hjalmar S\u00f6derberg (1869\u20131941) had a close relationship with the visual arts. The exhibition features works that highlight both the author\u2019s view of himself, and the view other artists had of S\u00f6derberg. Books with ornaments made by the author and other objects that relate to the S\u00f6derberg are also displayed in the \u201cS\u00f6derberg Room\u201d, where the artist used to stay in difficult times.<\/p>\n\n\n\n<p>Ernest Thiel\u2019s financial support allowed author to focus on his literary career. S\u00f6derberg also assisted Thiel \u2013 in reviewing his translations of Friedrich Nietzsche\u2019s \u0153uvre into Swedish. Thiel describes S\u00f6derberg as his most faithful friend and the author was always a welcome guest in the palace. They were also both passionate chess players and sometimes the three decade long correspondence consisted only of chess moves by way of short notes.<\/p>\n\n\n\n<p>S\u00f6derberg despised all forms of hypocrisy and a clear pattern in his literary works is the support for women\u2019s right to choose for themselves. This applies not the least in the modern relationship drama <em>Gertrud<\/em> (1906). It might not be a coincidence then, that the two most observant and acute portraits were made by two female artists, <strong>Astrid Kjellberg-Juel <\/strong>(1877\u20131965) and <strong>Gerda Wallander <\/strong>(1860\u20131926). In addition, <strong>Hildur Hult-W\u00e5hlin\u2019s<\/strong> (also called Hildur Hult) (1872\u20131904) sensitive coal drawing and <strong>Anna Riwkin\u2019s<\/strong> (1908\u20131970) silver gelatin photograph of the aging author with the mindful gaze, are among the most noteworthy portraits.<\/p>\n\n\n\n<p>Hjalmar S\u00f6derberg was a draughtsman his whole life but the interest in making self-portraits peaked early in his life. In the drawing <em>Moi<\/em> from 1890 S\u00f6derberg has one eye open for far vision while the other is squinting for near sightedness, a way of showing his ability to view humanity both at a distance and close up. In the short story <em>Vox populi<\/em>, published in <em>Historietter<\/em> (<em>Anecdotes<\/em>) from 1898, he writes: \u201cI have noticed that one sees the world more synoptic if one looks at it with half closed eyes. All lines become cleaner and simpler. [\u2026]\u201d Reflections on the gaze is also manifested in a photography where the author observes the passerby with a binocular.<\/p>\n\n\n\n<p>In an ink wash from 1895 S\u00f6derberg has changed shape and depicts himself as a dandy posing in front of wallpaper with French fleur-de-lis. That same year, S\u00f6derberg\u2019s harshly criticised debut novel, <em>F\u00f6rvillelser <\/em>(<em>Delusions<\/em>), were published.<\/p>\n\n\n\n<p>The exhibition <em>Hjalmar S\u00f6derberg and the Visual Arts <\/em>takes place in \u201cS\u00f6derbergrummet\u201d (\u201cThe S\u00f6derberg Room\u201d) where the homelike feeling is heightened by the furniture: the author\u2019s secretaire and chair, and a bust sculpture of the philosopher Voltaire. Works from the Thiel Gallery are shown alongside loans from Nationalmuseum, Moderna Museet, the Gothenburg University Library, \u00d6rebro University Library, the Bonnier Portrait Collection, Nedre Manilla and private owners.<\/p>\n\n\n\n<p><em>Curator: Sophie Allg\u00e5rdh in collaboration with S\u00f6derbergs\u00e4llskapet (The S\u00f6derberg Association)<\/em><\/p>\n\n\n\n<figure class=\"wp-block-image size-medium alignnone size-full wp-image-13338\"><img loading=\"lazy\" decoding=\"async\" width=\"600\" height=\"1100\" src=\"https:\/\/www.thielskagalleriet.se\/wp-content\/uploads\/2019\/05\/press-gerda-wallander-portratt-av-hjalmar-soderberg-1916-opd-114-x-69--foto-pe-myrehed-1-600x1100.jpg\" alt=\"\" class=\"wp-image-13338\" srcset=\"https:\/\/www.thielskagalleriet.se\/wp-content\/uploads\/2019\/05\/press-gerda-wallander-portratt-av-hjalmar-soderberg-1916-opd-114-x-69--foto-pe-myrehed-1-600x1100.jpg 600w, https:\/\/www.thielskagalleriet.se\/wp-content\/uploads\/2019\/05\/press-gerda-wallander-portratt-av-hjalmar-soderberg-1916-opd-114-x-69--foto-pe-myrehed-1-768x1407.jpg 768w, https:\/\/www.thielskagalleriet.se\/wp-content\/uploads\/2019\/05\/press-gerda-wallander-portratt-av-hjalmar-soderberg-1916-opd-114-x-69--foto-pe-myrehed-1-1092x2000.jpg 1092w, https:\/\/www.thielskagalleriet.se\/wp-content\/uploads\/2019\/05\/press-gerda-wallander-portratt-av-hjalmar-soderberg-1916-opd-114-x-69--foto-pe-myrehed-1-838x1536.jpg 838w, https:\/\/www.thielskagalleriet.se\/wp-content\/uploads\/2019\/05\/press-gerda-wallander-portratt-av-hjalmar-soderberg-1916-opd-114-x-69--foto-pe-myrehed-1-1118x2048.jpg 1118w\" sizes=\"auto, (max-width: 600px) 100vw, 600px\" \/><figcaption class=\"wp-element-caption\">Gerda Wallander, <em>Portrait of Hjalmar S\u00f6derberg<\/em>, 1916, Thielska Galleriet<\/figcaption><\/figure>\n\n\n\n<figure class=\"wp-block-image size-medium alignnone\"><a href=\"https:\/\/www.thielskagalleriet.se\/wp-content\/uploads\/2021\/03\/hildur-hult_portratt-av-hjalmar-soderberg_1902.jpeg\"><img loading=\"lazy\" decoding=\"async\" width=\"800\" height=\"619\" src=\"https:\/\/www.thielskagalleriet.se\/wp-content\/uploads\/2021\/03\/hildur-hult_portratt-av-hjalmar-soderberg_1902-800x619.jpeg\" alt=\"\" class=\"wp-image-17415\" srcset=\"https:\/\/www.thielskagalleriet.se\/wp-content\/uploads\/2021\/03\/hildur-hult_portratt-av-hjalmar-soderberg_1902-800x619.jpeg 800w, https:\/\/www.thielskagalleriet.se\/wp-content\/uploads\/2021\/03\/hildur-hult_portratt-av-hjalmar-soderberg_1902-768x594.jpeg 768w, https:\/\/www.thielskagalleriet.se\/wp-content\/uploads\/2021\/03\/hildur-hult_portratt-av-hjalmar-soderberg_1902-1200x929.jpeg 1200w, https:\/\/www.thielskagalleriet.se\/wp-content\/uploads\/2021\/03\/hildur-hult_portratt-av-hjalmar-soderberg_1902.jpeg 1242w\" sizes=\"auto, (max-width: 800px) 100vw, 800px\" \/><\/a><figcaption class=\"wp-element-caption\">Hildur Hult, <em>Portrait of Hjalmar S\u00f6derberg<\/em>, 1902, charcoal drawing, 48 x 62 cm. Photo: Per Myrehed \/ The Thiel Gallery<\/figcaption><\/figure>\n\n\n<div class=\"wp-block-image\">\n<figure class=\"alignleft size-medium\"><a href=\"https:\/\/www.thielskagalleriet.se\/wp-content\/uploads\/2019\/05\/press-hjalmar-soderberg-sjalvportratt-en-face-mars-1895-tuschlavering--bonniers-portrattsamling-nedre-manilla--foto-per-myrehed-e1568369351893.jpg\"><img loading=\"lazy\" decoding=\"async\" width=\"766\" height=\"1100\" src=\"https:\/\/www.thielskagalleriet.se\/wp-content\/uploads\/2019\/05\/press-hjalmar-soderberg-sjalvportratt-en-face-mars-1895-tuschlavering--bonniers-portrattsamling-nedre-manilla--foto-per-myrehed-e1568369351893-766x1100.jpg\" alt=\"\" class=\"wp-image-13339\" srcset=\"https:\/\/www.thielskagalleriet.se\/wp-content\/uploads\/2019\/05\/press-hjalmar-soderberg-sjalvportratt-en-face-mars-1895-tuschlavering--bonniers-portrattsamling-nedre-manilla--foto-per-myrehed-e1568369351893-766x1100.jpg 766w, https:\/\/www.thielskagalleriet.se\/wp-content\/uploads\/2019\/05\/press-hjalmar-soderberg-sjalvportratt-en-face-mars-1895-tuschlavering--bonniers-portrattsamling-nedre-manilla--foto-per-myrehed-e1568369351893-768x1103.jpg 768w, https:\/\/www.thielskagalleriet.se\/wp-content\/uploads\/2019\/05\/press-hjalmar-soderberg-sjalvportratt-en-face-mars-1895-tuschlavering--bonniers-portrattsamling-nedre-manilla--foto-per-myrehed-e1568369351893-1200x1724.jpg 1200w, https:\/\/www.thielskagalleriet.se\/wp-content\/uploads\/2019\/05\/press-hjalmar-soderberg-sjalvportratt-en-face-mars-1895-tuschlavering--bonniers-portrattsamling-nedre-manilla--foto-per-myrehed-e1568369351893-1069x1536.jpg 1069w, https:\/\/www.thielskagalleriet.se\/wp-content\/uploads\/2019\/05\/press-hjalmar-soderberg-sjalvportratt-en-face-mars-1895-tuschlavering--bonniers-portrattsamling-nedre-manilla--foto-per-myrehed-e1568369351893-1425x2048.jpg 1425w\" sizes=\"auto, (max-width: 766px) 100vw, 766px\" \/><\/a><figcaption class=\"wp-element-caption\">Hjalmar S\u00f6derberg, <em>Self portrait<\/em>, 1895, ink wash. Belonging to Bonniers portrait collection, Nedre Manilla. Photo: Per Myrehed<\/figcaption><\/figure>\n<\/div>\n\n<div class=\"wp-block-image\">\n<figure class=\"alignleft\"><a href=\"https:\/\/www.thielskagalleriet.se\/wp-content\/uploads\/2019\/05\/190911_0031.jpg\"><img decoding=\"async\" src=\"https:\/\/www.thielskagalleriet.se\/wp-content\/uploads\/2019\/05\/190911_0031-715x1100.jpg\" alt=\"\" class=\"wp-image-13328\"\/><\/a><figcaption class=\"wp-element-caption\">Hjalmar S\u00f6derberg, <em>The church tower of Saint Clare<\/em>, 1884, crayon on paper, G\u00f6teborgs universitetsbibliotek. Photo: Per Myrehed<\/figcaption><\/figure>\n<\/div>\n\n<div class=\"wp-block-image\">\n<figure class=\"alignleft\"><a href=\"https:\/\/www.thielskagalleriet.se\/wp-content\/uploads\/2019\/05\/press-hjalmar-soderberg-maria-von-platen--goteborgs-universitetsbibliotek--foto-per-myrehed.jpg\"><img decoding=\"async\" src=\"https:\/\/www.thielskagalleriet.se\/wp-content\/uploads\/2019\/05\/press-hjalmar-soderberg-maria-von-platen--goteborgs-universitetsbibliotek--foto-per-myrehed-800x922.jpg\" alt=\"\" class=\"wp-image-13341\"\/><\/a><figcaption class=\"wp-element-caption\">Hjalmar S\u00f6derberg, <em>Maria von Platen from memory<\/em>, undated, drawing. G\u00f6teborgs universitetsbibliotek. Photo: Per Myrehed<\/figcaption><\/figure>\n<\/div>\n\n<div class=\"wp-block-image\">\n<figure class=\"alignleft size-medium\"><a href=\"https:\/\/www.thielskagalleriet.se\/wp-content\/uploads\/2019\/05\/yngve-berg-portratt-av-hjalmar-soderberg-bonniers-portrattsamling-foto-per-myrehed.jpg\"><img loading=\"lazy\" decoding=\"async\" width=\"800\" height=\"1072\" src=\"https:\/\/www.thielskagalleriet.se\/wp-content\/uploads\/2019\/05\/yngve-berg-portratt-av-hjalmar-soderberg-bonniers-portrattsamling-foto-per-myrehed-800x1072.jpg\" alt=\"\" class=\"wp-image-13305\" srcset=\"https:\/\/www.thielskagalleriet.se\/wp-content\/uploads\/2019\/05\/yngve-berg-portratt-av-hjalmar-soderberg-bonniers-portrattsamling-foto-per-myrehed-800x1072.jpg 800w, https:\/\/www.thielskagalleriet.se\/wp-content\/uploads\/2019\/05\/yngve-berg-portratt-av-hjalmar-soderberg-bonniers-portrattsamling-foto-per-myrehed-768x1029.jpg 768w, https:\/\/www.thielskagalleriet.se\/wp-content\/uploads\/2019\/05\/yngve-berg-portratt-av-hjalmar-soderberg-bonniers-portrattsamling-foto-per-myrehed-1200x1608.jpg 1200w, https:\/\/www.thielskagalleriet.se\/wp-content\/uploads\/2019\/05\/yngve-berg-portratt-av-hjalmar-soderberg-bonniers-portrattsamling-foto-per-myrehed-1146x1536.jpg 1146w, https:\/\/www.thielskagalleriet.se\/wp-content\/uploads\/2019\/05\/yngve-berg-portratt-av-hjalmar-soderberg-bonniers-portrattsamling-foto-per-myrehed-1528x2048.jpg 1528w\" sizes=\"auto, (max-width: 800px) 100vw, 800px\" \/><\/a><figcaption class=\"wp-element-caption\">Yngve Berg, <em>Portrait of Hjalmar S\u00f6derberg,<\/em> 1947, ink wash,&nbsp; Bonniers portrait collection. Photo: Per Myrehed<\/figcaption><\/figure>\n<\/div>","protected":false},"excerpt":{"rendered":"<p>The author Hjalmar S\u00f6derberg (1869\u20131941) had a close relationship with the visual arts. The exhibition features works that highlight both the author\u2019s view of himself, and the view other artists had of S\u00f6derberg. Books with ornaments made by the author and other&hellip;<\/p>\n","protected":false},"author":10,"featured_media":0,"parent":2560,"menu_order":0,"comment_status":"closed","ping_status":"closed","template":"","meta":{"_acf_changed":false,"footnotes":"","_links_to":"","_links_to_target":""},"class_list":["post-16690","page","type-page","status-publish","hentry"],"acf":[],"yoast_head":"<!-- This site is optimized with the Yoast SEO plugin v27.3 - https:\/\/yoast.com\/product\/yoast-seo-wordpress\/ -->\n<title>Hjalmar S\u00f6derberg and the Visual Arts - The Thiel Gallery<\/title>\n<meta name=\"robots\" content=\"index, follow, max-snippet:-1, max-image-preview:large, max-video-preview:-1\" \/>\n<link rel=\"canonical\" href=\"https:\/\/www.thielskagalleriet.se\/en\/press\/hjalmar-soderberg-and-the-arts-a-jubilee-exhibition-19-september-2019-february-14-january-2022\/\" \/>\n<meta property=\"og:locale\" content=\"en_US\" \/>\n<meta property=\"og:type\" content=\"article\" \/>\n<meta property=\"og:title\" content=\"Hjalmar S\u00f6derberg and the Visual Arts - The Thiel Gallery\" \/>\n<meta property=\"og:description\" content=\"The author Hjalmar S\u00f6derberg (1869\u20131941) had a close relationship with the visual arts. The exhibition features works that highlight both the author\u2019s view of himself, and the view other artists had of S\u00f6derberg. Books with ornaments made by the author and other&hellip;\" \/>\n<meta property=\"og:url\" content=\"https:\/\/www.thielskagalleriet.se\/en\/press\/hjalmar-soderberg-and-the-arts-a-jubilee-exhibition-19-september-2019-february-14-january-2022\/\" \/>\n<meta property=\"og:site_name\" content=\"The Thiel Gallery\" \/>\n<meta property=\"article:modified_time\" content=\"2025-10-13T08:44:10+00:00\" \/>\n<meta property=\"og:image\" content=\"https:\/\/www.thielskagalleriet.se\/wp-content\/uploads\/2019\/05\/press-gerda-wallander-portratt-av-hjalmar-soderberg-1916-opd-114-x-69--foto-pe-myrehed-1-1092x2000.jpg\" \/>\n\t<meta property=\"og:image:width\" content=\"1092\" \/>\n\t<meta property=\"og:image:height\" content=\"2000\" \/>\n\t<meta property=\"og:image:type\" content=\"image\/jpeg\" \/>\n<meta name=\"twitter:label1\" content=\"Est. reading time\" \/>\n\t<meta name=\"twitter:data1\" content=\"4 minutes\" \/>\n<!-- \/ Yoast SEO plugin. -->","yoast_head_json":{"title":"Hjalmar S\u00f6derberg and the Visual Arts - The Thiel Gallery","robots":{"index":"index","follow":"follow","max-snippet":"max-snippet:-1","max-image-preview":"max-image-preview:large","max-video-preview":"max-video-preview:-1"},"canonical":"https:\/\/www.thielskagalleriet.se\/en\/press\/hjalmar-soderberg-and-the-arts-a-jubilee-exhibition-19-september-2019-february-14-january-2022\/","og_locale":"en_US","og_type":"article","og_title":"Hjalmar S\u00f6derberg and the Visual Arts - The Thiel Gallery","og_description":"The author Hjalmar S\u00f6derberg (1869\u20131941) had a close relationship with the visual arts. The exhibition features works that highlight both the author\u2019s view of himself, and the view other artists had of S\u00f6derberg. Books with ornaments made by the author and other&hellip;","og_url":"https:\/\/www.thielskagalleriet.se\/en\/press\/hjalmar-soderberg-and-the-arts-a-jubilee-exhibition-19-september-2019-february-14-january-2022\/","og_site_name":"The Thiel Gallery","article_modified_time":"2025-10-13T08:44:10+00:00","og_image":[{"width":1092,"height":2000,"url":"https:\/\/www.thielskagalleriet.se\/wp-content\/uploads\/2019\/05\/press-gerda-wallander-portratt-av-hjalmar-soderberg-1916-opd-114-x-69--foto-pe-myrehed-1-1092x2000.jpg","type":"image\/jpeg"}],"twitter_misc":{"Est. reading time":"4 minutes"},"schema":{"@context":"https:\/\/schema.org","@graph":[{"@type":"WebPage","@id":"https:\/\/www.thielskagalleriet.se\/en\/press\/hjalmar-soderberg-and-the-arts-a-jubilee-exhibition-19-september-2019-february-14-january-2022\/","url":"https:\/\/www.thielskagalleriet.se\/en\/press\/hjalmar-soderberg-and-the-arts-a-jubilee-exhibition-19-september-2019-february-14-january-2022\/","name":"Hjalmar S\u00f6derberg and the Visual Arts - The Thiel Gallery","isPartOf":{"@id":"https:\/\/www.thielskagalleriet.se\/en\/#website"},"primaryImageOfPage":{"@id":"https:\/\/www.thielskagalleriet.se\/en\/press\/hjalmar-soderberg-and-the-arts-a-jubilee-exhibition-19-september-2019-february-14-january-2022\/#primaryimage"},"image":{"@id":"https:\/\/www.thielskagalleriet.se\/en\/press\/hjalmar-soderberg-and-the-arts-a-jubilee-exhibition-19-september-2019-february-14-january-2022\/#primaryimage"},"thumbnailUrl":"https:\/\/www.thielskagalleriet.se\/wp-content\/uploads\/2019\/05\/press-gerda-wallander-portratt-av-hjalmar-soderberg-1916-opd-114-x-69--foto-pe-myrehed-1-600x1100.jpg","datePublished":"2020-12-22T13:46:10+00:00","dateModified":"2025-10-13T08:44:10+00:00","breadcrumb":{"@id":"https:\/\/www.thielskagalleriet.se\/en\/press\/hjalmar-soderberg-and-the-arts-a-jubilee-exhibition-19-september-2019-february-14-january-2022\/#breadcrumb"},"inLanguage":"en-US","potentialAction":[{"@type":"ReadAction","target":["https:\/\/www.thielskagalleriet.se\/en\/press\/hjalmar-soderberg-and-the-arts-a-jubilee-exhibition-19-september-2019-february-14-january-2022\/"]}]},{"@type":"ImageObject","inLanguage":"en-US","@id":"https:\/\/www.thielskagalleriet.se\/en\/press\/hjalmar-soderberg-and-the-arts-a-jubilee-exhibition-19-september-2019-february-14-january-2022\/#primaryimage","url":"https:\/\/www.thielskagalleriet.se\/wp-content\/uploads\/2019\/05\/press-gerda-wallander-portratt-av-hjalmar-soderberg-1916-opd-114-x-69--foto-pe-myrehed-1-600x1100.jpg","contentUrl":"https:\/\/www.thielskagalleriet.se\/wp-content\/uploads\/2019\/05\/press-gerda-wallander-portratt-av-hjalmar-soderberg-1916-opd-114-x-69--foto-pe-myrehed-1-600x1100.jpg"},{"@type":"BreadcrumbList","@id":"https:\/\/www.thielskagalleriet.se\/en\/press\/hjalmar-soderberg-and-the-arts-a-jubilee-exhibition-19-september-2019-february-14-january-2022\/#breadcrumb","itemListElement":[{"@type":"ListItem","position":1,"name":"Hem","item":"https:\/\/www.thielskagalleriet.se\/en\/"},{"@type":"ListItem","position":2,"name":"Press","item":"https:\/\/www.thielskagalleriet.se\/en\/press\/"},{"@type":"ListItem","position":3,"name":"Hjalmar S\u00f6derberg and the Visual Arts"}]},{"@type":"WebSite","@id":"https:\/\/www.thielskagalleriet.se\/en\/#website","url":"https:\/\/www.thielskagalleriet.se\/en\/","name":"The Thiel Gallery","description":"","potentialAction":[{"@type":"SearchAction","target":{"@type":"EntryPoint","urlTemplate":"https:\/\/www.thielskagalleriet.se\/en\/?s={search_term_string}"},"query-input":{"@type":"PropertyValueSpecification","valueRequired":true,"valueName":"search_term_string"}}],"inLanguage":"en-US"}]}},"_links":{"self":[{"href":"https:\/\/www.thielskagalleriet.se\/en\/wp-json\/wp\/v2\/pages\/16690","targetHints":{"allow":["GET"]}}],"collection":[{"href":"https:\/\/www.thielskagalleriet.se\/en\/wp-json\/wp\/v2\/pages"}],"about":[{"href":"https:\/\/www.thielskagalleriet.se\/en\/wp-json\/wp\/v2\/types\/page"}],"author":[{"embeddable":true,"href":"https:\/\/www.thielskagalleriet.se\/en\/wp-json\/wp\/v2\/users\/10"}],"replies":[{"embeddable":true,"href":"https:\/\/www.thielskagalleriet.se\/en\/wp-json\/wp\/v2\/comments?post=16690"}],"version-history":[{"count":14,"href":"https:\/\/www.thielskagalleriet.se\/en\/wp-json\/wp\/v2\/pages\/16690\/revisions"}],"predecessor-version":[{"id":25267,"href":"https:\/\/www.thielskagalleriet.se\/en\/wp-json\/wp\/v2\/pages\/16690\/revisions\/25267"}],"up":[{"embeddable":true,"href":"https:\/\/www.thielskagalleriet.se\/en\/wp-json\/wp\/v2\/pages\/2560"}],"wp:attachment":[{"href":"https:\/\/www.thielskagalleriet.se\/en\/wp-json\/wp\/v2\/media?parent=16690"}],"curies":[{"name":"wp","href":"https:\/\/api.w.org\/{rel}","templated":true}]}}